{"id":1088,"date":"2017-10-08T15:33:43","date_gmt":"2017-10-08T15:33:43","guid":{"rendered":"http:\/\/elmarwa.com\/?page_id=1088"},"modified":"2021-02-03T14:37:36","modified_gmt":"2021-02-03T14:37:36","slug":"distribution-internationale","status":"publish","type":"page","link":"https:\/\/elmarwa.com\/fr\/distribution-internationale\/","title":{"rendered":"Distribution Internationale"},"content":{"rendered":"\n<div style=\"height:96px\" aria-hidden=\"true\" class=\"wp-block-spacer\"><\/div>\n\n\n<section class=\"block-image-with-content\">\n<div class=\"container\">\n      <div class=\"row align-items-start flex-row-reverse\">\n        <div class=\"col-12 col-md-6 offset-md-1 order-item-last\">\n        <div class=\"shine\">\n          <img src=\"https:\/\/elmarwa.com\/app\/uploads\/2020\/12\/1608132136_328_70409_201806131.png\" class=\"img-fluid\" alt=\"Nos March\u00e9s \u00e0 l\u2019international\">\n      <\/div>\n        <p class=\"text-left caption text-uppercase mt-2\"><\/p>\n        <\/div>\n        <div class=\"col-12 col-md-5 \">\n                      <h2 class=\"font-vip text-green mb-4\">Nos March\u00e9s \u00e0 l\u2019international<\/h2>\n                    <p>La situation g\u00e9ographique de l\u2019Egypte, au point de rencontre de deux continents, positionne El-Marwa comme un des leaders dans le domaine des exportations internationales \u00e0 destination de pays d\u2019Afrique, d\u2019Europe et d\u2019Asie. Les accords de libre-\u00e9change tels ceux sign\u00e9s entre l\u2019Egypte et l\u2019UE, les accords d\u2019Agadir, le GAFTA (Greater Arab Free Trade Agreement \u2013 Accord de Libre Echange Arabe), le COMESA (Common Market for Eastern and Southern Africa \u2013 March\u00e9 Commun de l\u2019Asie du Sud et de l\u2019Est), ou l\u2019accord sign\u00e9 entre l\u2019Egypte et la Turquie, nous facilitent l\u2019acc\u00e8s \u00e0 des march\u00e9s concurrentiels de plusieurs centaines de millions de consommateurs.<\/p>\n<p>En tant que fournisseur agr\u00e9\u00e9 FDA, El-Marwa a \u00e9galement acc\u00e8s au march\u00e9 am\u00e9ricain et y exporte actuellement ses produits tels que des huiles essentielles d\u2019agrume \u00e0 destination d\u2019entreprises produisant des ar\u00f4mes et parfums, ainsi que des pur\u00e9es et concentr\u00e9s \u00e0 destination d\u2019entreprises productrices de jus de fruits.<\/p>\n                  <\/div>\n      <\/div>\n  <\/div>\n  <div class=\"spacer-large\"><\/div>\n<\/section>","protected":false},"excerpt":{"rendered":"","protected":false},"author":1,"featured_media":2842,"parent":0,"menu_order":8,"comment_status":"closed","ping_status":"closed","template":"views\/template-custom.blade.php","meta":[],"yoast_head":"<!-- This site is optimized with the Yoast SEO plugin v15.5 - https:\/\/yoast.com\/wordpress\/plugins\/seo\/ -->\n<title>Distribution Internationale - El Marwa<\/title>\n<meta name=\"robots\" content=\"index, follow, max-snippet:-1, max-image-preview:large, max-video-preview:-1\" \/>\n<link rel=\"canonical\" href=\"http:\/\/elmarwa.com\/fr\/distribution-internationale\/\" \/>\n<meta property=\"og:locale\" content=\"fr_FR\" \/>\n<meta property=\"og:type\" content=\"article\" \/>\n<meta property=\"og:title\" content=\"Distribution Internationale - El Marwa\" \/>\n<meta property=\"og:url\" content=\"http:\/\/elmarwa.com\/fr\/distribution-internationale\/\" \/>\n<meta property=\"og:site_name\" content=\"El Marwa\" \/>\n<meta property=\"article:modified_time\" content=\"2021-02-03T14:37:36+00:00\" \/>\n<meta property=\"og:image\" content=\"https:\/\/elmarwa.com\/app\/uploads\/2021\/02\/1612362932_951_1429847_globaldistribution_final.jpg\" \/>\n\t<meta property=\"og:image:width\" content=\"1920\" \/>\n\t<meta property=\"og:image:height\" content=\"777\" \/>\n<meta name=\"twitter:card\" content=\"summary\" \/>\n<meta name=\"twitter:label1\" content=\"Dur\u00e9e de lecture est.\">\n\t<meta name=\"twitter:data1\" content=\"0 minute\">\n<script type=\"application\/ld+json\" class=\"yoast-schema-graph\">{\"@context\":\"https:\/\/schema.org\",\"@graph\":[{\"@type\":\"WebSite\",\"@id\":\"https:\/\/elmarwa.com\/#website\",\"url\":\"https:\/\/elmarwa.com\/\",\"name\":\"El Marwa\",\"description\":\"Food\",\"potentialAction\":[{\"@type\":\"SearchAction\",\"target\":\"https:\/\/elmarwa.com\/?s={search_term_string}\",\"query-input\":\"required name=search_term_string\"}],\"inLanguage\":\"fr-FR\"},{\"@type\":\"ImageObject\",\"@id\":\"http:\/\/elmarwa.com\/fr\/distribution-internationale\/#primaryimage\",\"inLanguage\":\"fr-FR\",\"url\":\"https:\/\/elmarwa.com\/app\/uploads\/2021\/02\/1612362932_951_1429847_globaldistribution_final.jpg\",\"width\":1920,\"height\":777},{\"@type\":\"WebPage\",\"@id\":\"http:\/\/elmarwa.com\/fr\/distribution-internationale\/#webpage\",\"url\":\"http:\/\/elmarwa.com\/fr\/distribution-internationale\/\",\"name\":\"Distribution Internationale - El Marwa\",\"isPartOf\":{\"@id\":\"https:\/\/elmarwa.com\/#website\"},\"primaryImageOfPage\":{\"@id\":\"http:\/\/elmarwa.com\/fr\/distribution-internationale\/#primaryimage\"},\"datePublished\":\"2017-10-08T15:33:43+00:00\",\"dateModified\":\"2021-02-03T14:37:36+00:00\",\"breadcrumb\":{\"@id\":\"http:\/\/elmarwa.com\/fr\/distribution-internationale\/#breadcrumb\"},\"inLanguage\":\"fr-FR\",\"potentialAction\":[{\"@type\":\"ReadAction\",\"target\":[\"http:\/\/elmarwa.com\/fr\/distribution-internationale\/\"]}]},{\"@type\":\"BreadcrumbList\",\"@id\":\"http:\/\/elmarwa.com\/fr\/distribution-internationale\/#breadcrumb\",\"itemListElement\":[{\"@type\":\"ListItem\",\"position\":1,\"item\":{\"@type\":\"WebPage\",\"@id\":\"http:\/\/elmarwa.com\/fr\/distribution-internationale\/\",\"url\":\"http:\/\/elmarwa.com\/fr\/distribution-internationale\/\",\"name\":\"Distribution Internationale\"}}]}]}<\/script>\n<!-- \/ Yoast SEO plugin. -->","_links":{"self":[{"href":"https:\/\/elmarwa.com\/fr\/wp-json\/wp\/v2\/pages\/1088"}],"collection":[{"href":"https:\/\/elmarwa.com\/fr\/wp-json\/wp\/v2\/pages"}],"about":[{"href":"https:\/\/elmarwa.com\/fr\/wp-json\/wp\/v2\/types\/page"}],"author":[{"embeddable":true,"href":"https:\/\/elmarwa.com\/fr\/wp-json\/wp\/v2\/users\/1"}],"replies":[{"embeddable":true,"href":"https:\/\/elmarwa.com\/fr\/wp-json\/wp\/v2\/comments?post=1088"}],"version-history":[{"count":20,"href":"https:\/\/elmarwa.com\/fr\/wp-json\/wp\/v2\/pages\/1088\/revisions"}],"predecessor-version":[{"id":2161,"href":"https:\/\/elmarwa.com\/fr\/wp-json\/wp\/v2\/pages\/1088\/revisions\/2161"}],"wp:featuredmedia":[{"embeddable":true,"href":"https:\/\/elmarwa.com\/fr\/wp-json\/wp\/v2\/media\/2842"}],"wp:attachment":[{"href":"https:\/\/elmarwa.com\/fr\/wp-json\/wp\/v2\/media?parent=1088"}],"curies":[{"name":"wp","href":"https:\/\/api.w.org\/{rel}","templated":true}]}}