{"id":1085,"date":"2017-10-08T15:15:17","date_gmt":"2017-10-08T15:15:17","guid":{"rendered":"http:\/\/elmarwa.com\/?page_id=1085"},"modified":"2021-02-08T09:20:35","modified_gmt":"2021-02-08T09:20:35","slug":"processus-de-production","status":"publish","type":"page","link":"https:\/\/elmarwa.com\/fr\/processus-de-production\/","title":{"rendered":"Processus De Production"},"content":{"rendered":"\n<div style=\"height:40px\" aria-hidden=\"true\" class=\"wp-block-spacer\"><\/div>\n\n\n<section class=\"block-descriptions\" data-aos=\"fade\" data-aos-duration=\"500\">\n<div class=\"container\">\n      <div class=\"row justify-content-center\">\n        <div class=\"col-12 col-md-8\">\n          <p style=\"text-align: center;\">Des fruits frais aux produits finis, les producteurs d\u2019El-Marwa s\u2019engagent, en 10 \u00e9tapes effectives, \u00e0 fournir les produits \u00e0 base de fruits les meilleurs, les plus frais, et de la meilleure qualit\u00e9, du march\u00e9.<\/p>\n<p style=\"text-align: center;\">Chaque ann\u00e9e, dans nos centres de production aux standards internationaux, nous transformons plus de 150 000 tonnes d\u2019agrumes et autres fruits frais, tels que fraises ou mangues.<\/p>\n    \n        <\/div>\n      <\/div>\n  <\/div>\n<\/section>\n\n\n<div style=\"height:96px\" aria-hidden=\"true\" class=\"wp-block-spacer\"><\/div>\n\n\n  <section class=\"conference-timeline\">\n    <div class=\"container\">\n      <div class=\"conference-center-line\"><\/div>\n      <div class=\"conference-timeline-content\">\n          \n        <div class=\"row m-0 timeline-article\">\n          <div class=\"px-2 content-left-container\" >\n            <div class=\"content-left h-100\">\n                            <h2 class=\"text-green\">R\u00e9ception<\/h2>\n              <p>Le processus de production d\u00e9marre lorsque les fruits arrivent dans la Zone de R\u00e9ception des Fruits, l\u2019une des zones les plus importantes de nos usines.<\/p>\n                          <\/div>\n          <\/div>\n          <div class=\"col-1\"><\/div>\n          <div class=\"px-2 content-right-container\" >\n            <div class=\"content-right h-100\">\n                          <div class=\"d-flex align-items-center h-100\">\n                <img class=\"img-fluid rounded mt-4 mt-lg-0\" src=\"https:\/\/elmarwa.com\/app\/uploads\/2021\/02\/1612270818_186_28753674_dsc_32422-scaled.jpg\">\n              <\/div>\n                          <\/div>\n          <\/div>\n          <div class=\"meta-date\">\n            <h3 class=\"m-0\">1<\/h3>\n          <\/div>\n          <div class=\"clearfix\"><\/div>\n          <div class=\"spacer-large w-100\"><\/div>\n        <\/div>\n          \n        <div class=\"row m-0 timeline-article\">\n          <div class=\"px-2 content-left-container\" >\n            <div class=\"content-left h-100\">\n                              <div class=\"d-flex align-items-center h-100\">\n                  <img class=\"img-fluid rounded  mt-4 mt-lg-0\" src=\"https:\/\/elmarwa.com\/app\/uploads\/2021\/01\/1610280260_623_32156_1807586721.jpg\">\n              <\/div>\n                          <\/div>\n          <\/div>\n          <div class=\"col-1\"><\/div>\n          <div class=\"px-2 content-right-container\" >\n            <div class=\"content-right h-100\">\n                            <h2 class=\"text-green\">Premi\u00e8re s\u00e9lection et Contr\u00f4le qualit\u00e9                                              <\/h2>\n                <p>Durant les op\u00e9rations de s\u00e9lection, des \u00e9chantillons al\u00e9atoires de fruits sont pr\u00e9lev\u00e9s \u00e0 des fins d\u2019analyse dans nos laboratoires afin de garantir que nos mati\u00e8res premi\u00e8res respectent nos crit\u00e8res de qualit\u00e9. Les \u00e9chantillons rejet\u00e9s sont renvoy\u00e9s aux fournisseurs.<\/p>\n                          <\/div>\n          <\/div>\n          <div class=\"meta-date\">\n            <h3 class=\"m-0\">2<\/h3>\n          <\/div>\n          <div class=\"clearfix\"><\/div>\n          <div class=\"spacer-large w-100\"><\/div>\n        <\/div>\n          \n        <div class=\"row m-0 timeline-article\">\n          <div class=\"px-2 content-left-container\" >\n            <div class=\"content-left h-100\">\n                            <h2 class=\"text-green\">Lavage                                              <\/h2>\n              <p>Les fruits sont soigneusement lav\u00e9s dans un syst\u00e8me de lavage automatique utilisant eau et air souffl\u00e9 (pour les fruits exotiques), afin de garantir le niveau le plus \u00e9lev\u00e9 possible d\u2019hygi\u00e8ne et de s\u00e9curit\u00e9.<\/p>\n                          <\/div>\n          <\/div>\n          <div class=\"col-1\"><\/div>\n          <div class=\"px-2 content-right-container\" >\n            <div class=\"content-right h-100\">\n                          <div class=\"d-flex align-items-center h-100\">\n                <img class=\"img-fluid rounded mt-4 mt-lg-0\" src=\"https:\/\/elmarwa.com\/app\/uploads\/2021\/02\/1612269883_561_30458550_dsc_3182-scaled.jpg\">\n              <\/div>\n                          <\/div>\n          <\/div>\n          <div class=\"meta-date\">\n            <h3 class=\"m-0\">3<\/h3>\n          <\/div>\n          <div class=\"clearfix\"><\/div>\n          <div class=\"spacer-large w-100\"><\/div>\n        <\/div>\n          \n        <div class=\"row m-0 timeline-article\">\n          <div class=\"px-2 content-left-container\" >\n            <div class=\"content-left h-100\">\n                              <div class=\"d-flex align-items-center h-100\">\n                  <img class=\"img-fluid rounded  mt-4 mt-lg-0\" src=\"https:\/\/elmarwa.com\/app\/uploads\/2021\/02\/1612266242_593_29220605_dsc_32831-scaled.jpg\">\n              <\/div>\n                          <\/div>\n          <\/div>\n          <div class=\"col-1\"><\/div>\n          <div class=\"px-2 content-right-container\" >\n            <div class=\"content-right h-100\">\n                            <h2 class=\"text-green\">S\u00e9lection finale                                              <\/h2>\n                <p>Une fois les fruits lav\u00e9s, ils sont tri\u00e9s encore une fois afin de d\u00e9tecter toute imperfection qui aurait \u00e9chapp\u00e9 \u00e0 la premi\u00e8re \u00e9tape de s\u00e9lection.<\/p>\n                          <\/div>\n          <\/div>\n          <div class=\"meta-date\">\n            <h3 class=\"m-0\">4<\/h3>\n          <\/div>\n          <div class=\"clearfix\"><\/div>\n          <div class=\"spacer-large w-100\"><\/div>\n        <\/div>\n          \n        <div class=\"row m-0 timeline-article\">\n          <div class=\"px-2 content-left-container\" >\n            <div class=\"content-left h-100\">\n                            <h2 class=\"text-green\">Extraction<\/h2>\n              <p>Apr\u00e8s nous \u00eatre assur\u00e9s de la qualit\u00e9 et de la propret\u00e9 de nos fruits, le processus d\u2019extraction commence. Toute \u00e9pluchure, peau, p\u00e9pin, fibre ou tout autre corps \u00e9trangerest enlev\u00e9, et un jus pur, suave et onctueux est finalement extrait.<\/p>\n                          <\/div>\n          <\/div>\n          <div class=\"col-1\"><\/div>\n          <div class=\"px-2 content-right-container\" >\n            <div class=\"content-right h-100\">\n                          <div class=\"d-flex align-items-center h-100\">\n                <img class=\"img-fluid rounded mt-4 mt-lg-0\" src=\"https:\/\/elmarwa.com\/app\/uploads\/2021\/02\/1612271343_537_28019369_dsc_3345-scaled.jpg\">\n              <\/div>\n                          <\/div>\n          <\/div>\n          <div class=\"meta-date\">\n            <h3 class=\"m-0\">5<\/h3>\n          <\/div>\n          <div class=\"clearfix\"><\/div>\n          <div class=\"spacer-large w-100\"><\/div>\n        <\/div>\n          \n        <div class=\"row m-0 timeline-article\">\n          <div class=\"px-2 content-left-container\" >\n            <div class=\"content-left h-100\">\n                              <div class=\"d-flex align-items-center h-100\">\n                  <img class=\"img-fluid rounded  mt-4 mt-lg-0\" src=\"https:\/\/elmarwa.com\/app\/uploads\/2021\/01\/1610280306_978_228083_5.png\">\n              <\/div>\n                          <\/div>\n          <\/div>\n          <div class=\"col-1\"><\/div>\n          <div class=\"px-2 content-right-container\" >\n            <div class=\"content-right h-100\">\n                            <h2 class=\"text-green\">Evaporation<\/h2>\n                <p>Pour produire nos concentr\u00e9s ou pur\u00e9es de fruits, nous utilisons un \u00e9vaporateur T.A.S.T.E JBT qui permet d\u2019\u00e9vacuer l\u2019eau tout en conservant les saveurs et nutriments du fruit. Les \u00e9quipements sophistiqu\u00e9s \u00e0 notre disposition nous permettent d\u2019\u00e9conomiser de l\u2019\u00e9nergie tout en conservant les caract\u00e9ristiques naturelles des fruits frais.<\/p>\n                          <\/div>\n          <\/div>\n          <div class=\"meta-date\">\n            <h3 class=\"m-0\">6<\/h3>\n          <\/div>\n          <div class=\"clearfix\"><\/div>\n          <div class=\"spacer-large w-100\"><\/div>\n        <\/div>\n          \n        <div class=\"row m-0 timeline-article\">\n          <div class=\"px-2 content-left-container\" >\n            <div class=\"content-left h-100\">\n                            <h2 class=\"text-green\">Pasteurisation<\/h2>\n              <p>Une fois le jus extrait du fruit, nous le pasteurisons afin d\u2019\u00e9liminer toute bact\u00e9rie \u2013 certes naturelle mais potentiellement dangereuse \u2013 et augmenter sa dur\u00e9e de conservation. Nos jus sont pasteuris\u00e9s en utilisant les derni\u00e8res technologies en date, afin de produire des aliments sains, s\u00fbrs et d\u00e9licieux.<\/p>\n                          <\/div>\n          <\/div>\n          <div class=\"col-1\"><\/div>\n          <div class=\"px-2 content-right-container\" >\n            <div class=\"content-right h-100\">\n                          <div class=\"d-flex align-items-center h-100\">\n                <img class=\"img-fluid rounded mt-4 mt-lg-0\" src=\"https:\/\/elmarwa.com\/app\/uploads\/2021\/01\/1610280461_230_382437_61.png\">\n              <\/div>\n                          <\/div>\n          <\/div>\n          <div class=\"meta-date\">\n            <h3 class=\"m-0\">7<\/h3>\n          <\/div>\n          <div class=\"clearfix\"><\/div>\n          <div class=\"spacer-large w-100\"><\/div>\n        <\/div>\n          \n        <div class=\"row m-0 timeline-article\">\n          <div class=\"px-2 content-left-container\" >\n            <div class=\"content-left h-100\">\n                              <div class=\"d-flex align-items-center h-100\">\n                  <img class=\"img-fluid rounded  mt-4 mt-lg-0\" src=\"https:\/\/elmarwa.com\/app\/uploads\/2021\/02\/1612271584_429_28482385_dsc_3227-scaled.jpg\">\n              <\/div>\n                          <\/div>\n          <\/div>\n          <div class=\"col-1\"><\/div>\n          <div class=\"px-2 content-right-container\" >\n            <div class=\"content-right h-100\">\n                            <h2 class=\"text-green\">Emballage                                              <\/h2>\n                <p>Nous utilisons actuellement deux types d\u2019emballage, les sacs aseptiques et les sacs en poly\u00e9thyl\u00e8ne, eux-m\u00eames inclus dans des bidons m\u00e9talliques afin d\u2019augmenter la dur\u00e9e de conservation de nos produits jusqu\u2019\u00e0 une dur\u00e9e maximum de 24 mois. Chaque bidon est \u00e9tiquet\u00e9 en indiquant le nom du produit, le num\u00e9ro de lot, le num\u00e9ro du bidon, la date de production, la date de p\u00e9remption, et le poids net.<\/p>\n                          <\/div>\n          <\/div>\n          <div class=\"meta-date\">\n            <h3 class=\"m-0\">8<\/h3>\n          <\/div>\n          <div class=\"clearfix\"><\/div>\n          <div class=\"spacer-large w-100\"><\/div>\n        <\/div>\n          \n        <div class=\"row m-0 timeline-article\">\n          <div class=\"px-2 content-left-container\" >\n            <div class=\"content-left h-100\">\n                            <h2 class=\"text-green\">Stockage                                              <\/h2>\n              <p>Nos capacit\u00e9s de stockage sont de 25 000 palettes pour les produits secs, et 6 000 palettes pour les produits r\u00e9frig\u00e9r\u00e9s, le tout dans des entrep\u00f4ts \u00e9quip\u00e9s de technologies de pointe situ\u00e9s \u00e0 proximit\u00e9 de nos centres de production. Un \u00e9chantillon de chaque lot produit est pr\u00e9serv\u00e9 dans nos laboratoires pour certifier de sa qualit\u00e9 et assurer sa tra\u00e7abilit\u00e9.<\/p>\n                          <\/div>\n          <\/div>\n          <div class=\"col-1\"><\/div>\n          <div class=\"px-2 content-right-container\" >\n            <div class=\"content-right h-100\">\n                          <div class=\"d-flex align-items-center h-100\">\n                <img class=\"img-fluid rounded mt-4 mt-lg-0\" src=\"https:\/\/elmarwa.com\/app\/uploads\/2021\/01\/1610282250_674_354251_91.png\">\n              <\/div>\n                          <\/div>\n          <\/div>\n          <div class=\"meta-date\">\n            <h3 class=\"m-0\">9<\/h3>\n          <\/div>\n          <div class=\"clearfix\"><\/div>\n          <div class=\"spacer-large w-100\"><\/div>\n        <\/div>\n          \n        <div class=\"row m-0 timeline-article\">\n          <div class=\"px-2 content-left-container\" >\n            <div class=\"content-left h-100\">\n                              <div class=\"d-flex align-items-center h-100\">\n                  <img class=\"img-fluid rounded  mt-4 mt-lg-0\" src=\"https:\/\/elmarwa.com\/app\/uploads\/2017\/03\/10.png\">\n              <\/div>\n                          <\/div>\n          <\/div>\n          <div class=\"col-1\"><\/div>\n          <div class=\"px-2 content-right-container\" >\n            <div class=\"content-right h-100\">\n                            <h2 class=\"text-green\">Distribution internationale                                              <\/h2>\n                <p>Nous travaillons avec des exp\u00e9diteurs de premier plan au niveau international qui facilitent nos op\u00e9rations de douanes et la livraison de nos produits. Nous travaillons \u00e9galement avec nos distributeurs \u00e0 la mise en place d\u2019un service client de qualit\u00e9, et faisons en sorte que nos produits soient livr\u00e9s \u00e0 nos consommateurs en temps et en heure, et en excellente condition.<\/p>\n                          <\/div>\n          <\/div>\n          <div class=\"meta-date\">\n            <h3 class=\"m-0\">10<\/h3>\n          <\/div>\n          <div class=\"clearfix\"><\/div>\n          <div class=\"spacer-large w-100\"><\/div>\n        <\/div>\n                <\/div>\n    <\/div>\n  <\/section>\n","protected":false},"excerpt":{"rendered":"","protected":false},"author":1,"featured_media":1499,"parent":0,"menu_order":13,"comment_status":"closed","ping_status":"closed","template":"views\/template-custom.blade.php","meta":[],"yoast_head":"<!-- This site is optimized with the Yoast SEO plugin v15.5 - https:\/\/yoast.com\/wordpress\/plugins\/seo\/ -->\n<title>Processus De Production - El Marwa<\/title>\n<meta name=\"robots\" content=\"index, follow, max-snippet:-1, max-image-preview:large, max-video-preview:-1\" \/>\n<link rel=\"canonical\" href=\"http:\/\/elmarwa.com\/fr\/processus-de-production\/\" \/>\n<meta property=\"og:locale\" content=\"fr_FR\" \/>\n<meta property=\"og:type\" content=\"article\" \/>\n<meta property=\"og:title\" content=\"Processus De Production - El Marwa\" \/>\n<meta property=\"og:url\" content=\"http:\/\/elmarwa.com\/fr\/processus-de-production\/\" \/>\n<meta property=\"og:site_name\" content=\"El Marwa\" \/>\n<meta property=\"article:modified_time\" content=\"2021-02-08T09:20:35+00:00\" \/>\n<meta property=\"og:image\" content=\"https:\/\/elmarwa.com\/app\/uploads\/2020\/12\/1608132726_266_499864_rectangle27.png\" \/>\n\t<meta property=\"og:image:width\" content=\"1440\" \/>\n\t<meta property=\"og:image:height\" content=\"293\" \/>\n<meta name=\"twitter:card\" content=\"summary\" \/>\n<meta name=\"twitter:label1\" content=\"Dur\u00e9e de lecture est.\">\n\t<meta name=\"twitter:data1\" content=\"0 minute\">\n<script type=\"application\/ld+json\" class=\"yoast-schema-graph\">{\"@context\":\"https:\/\/schema.org\",\"@graph\":[{\"@type\":\"WebSite\",\"@id\":\"https:\/\/elmarwa.com\/#website\",\"url\":\"https:\/\/elmarwa.com\/\",\"name\":\"El Marwa\",\"description\":\"Food\",\"potentialAction\":[{\"@type\":\"SearchAction\",\"target\":\"https:\/\/elmarwa.com\/?s={search_term_string}\",\"query-input\":\"required name=search_term_string\"}],\"inLanguage\":\"fr-FR\"},{\"@type\":\"ImageObject\",\"@id\":\"http:\/\/elmarwa.com\/fr\/processus-de-production\/#primaryimage\",\"inLanguage\":\"fr-FR\",\"url\":\"https:\/\/elmarwa.com\/app\/uploads\/2020\/12\/1608132726_266_499864_rectangle27.png\",\"width\":1440,\"height\":293},{\"@type\":\"WebPage\",\"@id\":\"http:\/\/elmarwa.com\/fr\/processus-de-production\/#webpage\",\"url\":\"http:\/\/elmarwa.com\/fr\/processus-de-production\/\",\"name\":\"Processus De Production - El Marwa\",\"isPartOf\":{\"@id\":\"https:\/\/elmarwa.com\/#website\"},\"primaryImageOfPage\":{\"@id\":\"http:\/\/elmarwa.com\/fr\/processus-de-production\/#primaryimage\"},\"datePublished\":\"2017-10-08T15:15:17+00:00\",\"dateModified\":\"2021-02-08T09:20:35+00:00\",\"breadcrumb\":{\"@id\":\"http:\/\/elmarwa.com\/fr\/processus-de-production\/#breadcrumb\"},\"inLanguage\":\"fr-FR\",\"potentialAction\":[{\"@type\":\"ReadAction\",\"target\":[\"http:\/\/elmarwa.com\/fr\/processus-de-production\/\"]}]},{\"@type\":\"BreadcrumbList\",\"@id\":\"http:\/\/elmarwa.com\/fr\/processus-de-production\/#breadcrumb\",\"itemListElement\":[{\"@type\":\"ListItem\",\"position\":1,\"item\":{\"@type\":\"WebPage\",\"@id\":\"http:\/\/elmarwa.com\/fr\/processus-de-production\/\",\"url\":\"http:\/\/elmarwa.com\/fr\/processus-de-production\/\",\"name\":\"Processus De Production\"}}]}]}<\/script>\n<!-- \/ Yoast SEO plugin. -->","_links":{"self":[{"href":"https:\/\/elmarwa.com\/fr\/wp-json\/wp\/v2\/pages\/1085"}],"collection":[{"href":"https:\/\/elmarwa.com\/fr\/wp-json\/wp\/v2\/pages"}],"about":[{"href":"https:\/\/elmarwa.com\/fr\/wp-json\/wp\/v2\/types\/page"}],"author":[{"embeddable":true,"href":"https:\/\/elmarwa.com\/fr\/wp-json\/wp\/v2\/users\/1"}],"replies":[{"embeddable":true,"href":"https:\/\/elmarwa.com\/fr\/wp-json\/wp\/v2\/comments?post=1085"}],"version-history":[{"count":14,"href":"https:\/\/elmarwa.com\/fr\/wp-json\/wp\/v2\/pages\/1085\/revisions"}],"predecessor-version":[{"id":2961,"href":"https:\/\/elmarwa.com\/fr\/wp-json\/wp\/v2\/pages\/1085\/revisions\/2961"}],"wp:featuredmedia":[{"embeddable":true,"href":"https:\/\/elmarwa.com\/fr\/wp-json\/wp\/v2\/media\/1499"}],"wp:attachment":[{"href":"https:\/\/elmarwa.com\/fr\/wp-json\/wp\/v2\/media?parent=1085"}],"curies":[{"name":"wp","href":"https:\/\/api.w.org\/{rel}","templated":true}]}}