{"id":1082,"date":"2017-10-08T14:28:45","date_gmt":"2017-10-08T14:28:45","guid":{"rendered":"http:\/\/elmarwa.com\/?page_id=1082"},"modified":"2021-01-12T13:36:58","modified_gmt":"2021-01-12T13:36:58","slug":"fruits-de-saison","status":"publish","type":"page","link":"https:\/\/elmarwa.com\/fr\/fruits-de-saison\/","title":{"rendered":"Fruits de saison"},"content":{"rendered":"\n<div style=\"height:96px\" aria-hidden=\"true\" class=\"wp-block-spacer\"><\/div>\n\n\n<section class=\"block-image-with-content\">\n<div class=\"container\">\n      <div class=\"row align-items-start flex-row-reverse\">\n        <div class=\"col-12 col-md-6 offset-md-1 order-item-last\">\n        <div class=\"shine\">\n          <img src=\"https:\/\/elmarwa.com\/app\/uploads\/2020\/12\/1608119292_429_172987_seasonalfruit1.png\" class=\"img-fluid\" alt=\"\">\n      <\/div>\n        <p class=\"text-left caption text-uppercase mt-2\"><\/p>\n        <\/div>\n        <div class=\"col-12 col-md-5 \">\n                    <p style=\"text-align: justify;\">L\u2019Egypte b\u00e9n\u00e9ficie d\u2019un climat doux, de sources d\u2019eau s\u00fbres et d\u2019un sol exceptionnellement fertile. Le climat \u00e9gyptien temp\u00e9r\u00e9 g\u00e9n\u00e8re \u00e9galement deux p\u00e9riodes de croissance par an, en \u00e9t\u00e9 et en hiver, fournissant ainsi \u00e0 El-Marwa un avantage comp\u00e9titif par rapport aux autres producteurs sur le march\u00e9.<\/p>\n<p style=\"text-align: justify;\">La saison des agrumes commence en D\u00e9cembre et se prolonge jusqu\u2019en Mai, fournissant toute une gamme de fruits croquants et juteux, parmi lesquels des citrons, pamplemousses, mandarines oranges Valencia et oranges locales \u00e9gyptiennes. La saison estivale \u00e9gyptienne repr\u00e9sente \u00e9galement les conditions optimales de croissance pour des fruits tels que p\u00eaches, fraises, goyaves ou mangues.<\/p>\n                  <\/div>\n      <\/div>\n  <\/div>\n  <div class=\"spacer-large\"><\/div>\n<\/section>","protected":false},"excerpt":{"rendered":"","protected":false},"author":1,"featured_media":2615,"parent":0,"menu_order":7,"comment_status":"closed","ping_status":"closed","template":"views\/template-custom.blade.php","meta":[],"yoast_head":"<!-- This site is optimized with the Yoast SEO plugin v15.5 - https:\/\/yoast.com\/wordpress\/plugins\/seo\/ -->\n<title>Fruits de saison - El Marwa<\/title>\n<meta name=\"robots\" content=\"index, follow, max-snippet:-1, max-image-preview:large, max-video-preview:-1\" \/>\n<link rel=\"canonical\" href=\"http:\/\/elmarwa.com\/fr\/fruits-de-saison\/\" \/>\n<meta property=\"og:locale\" content=\"fr_FR\" \/>\n<meta property=\"og:type\" content=\"article\" \/>\n<meta property=\"og:title\" content=\"Fruits de saison - El Marwa\" \/>\n<meta property=\"og:url\" content=\"http:\/\/elmarwa.com\/fr\/fruits-de-saison\/\" \/>\n<meta property=\"og:site_name\" content=\"El Marwa\" \/>\n<meta property=\"article:modified_time\" content=\"2021-01-12T13:36:58+00:00\" \/>\n<meta property=\"og:image\" content=\"https:\/\/elmarwa.com\/app\/uploads\/2021\/01\/1610458545_552_434985_satoyucontactbanner.png\" \/>\n\t<meta property=\"og:image:width\" content=\"1920\" \/>\n\t<meta property=\"og:image:height\" content=\"480\" \/>\n<meta name=\"twitter:card\" content=\"summary\" \/>\n<meta name=\"twitter:label1\" content=\"Dur\u00e9e de lecture est.\">\n\t<meta name=\"twitter:data1\" content=\"0 minute\">\n<script type=\"application\/ld+json\" class=\"yoast-schema-graph\">{\"@context\":\"https:\/\/schema.org\",\"@graph\":[{\"@type\":\"WebSite\",\"@id\":\"https:\/\/elmarwa.com\/#website\",\"url\":\"https:\/\/elmarwa.com\/\",\"name\":\"El Marwa\",\"description\":\"Food\",\"potentialAction\":[{\"@type\":\"SearchAction\",\"target\":\"https:\/\/elmarwa.com\/?s={search_term_string}\",\"query-input\":\"required name=search_term_string\"}],\"inLanguage\":\"fr-FR\"},{\"@type\":\"ImageObject\",\"@id\":\"http:\/\/elmarwa.com\/fr\/fruits-de-saison\/#primaryimage\",\"inLanguage\":\"fr-FR\",\"url\":\"https:\/\/elmarwa.com\/app\/uploads\/2021\/01\/1610458545_552_434985_satoyucontactbanner.png\",\"width\":1920,\"height\":480},{\"@type\":\"WebPage\",\"@id\":\"http:\/\/elmarwa.com\/fr\/fruits-de-saison\/#webpage\",\"url\":\"http:\/\/elmarwa.com\/fr\/fruits-de-saison\/\",\"name\":\"Fruits de saison - El Marwa\",\"isPartOf\":{\"@id\":\"https:\/\/elmarwa.com\/#website\"},\"primaryImageOfPage\":{\"@id\":\"http:\/\/elmarwa.com\/fr\/fruits-de-saison\/#primaryimage\"},\"datePublished\":\"2017-10-08T14:28:45+00:00\",\"dateModified\":\"2021-01-12T13:36:58+00:00\",\"breadcrumb\":{\"@id\":\"http:\/\/elmarwa.com\/fr\/fruits-de-saison\/#breadcrumb\"},\"inLanguage\":\"fr-FR\",\"potentialAction\":[{\"@type\":\"ReadAction\",\"target\":[\"http:\/\/elmarwa.com\/fr\/fruits-de-saison\/\"]}]},{\"@type\":\"BreadcrumbList\",\"@id\":\"http:\/\/elmarwa.com\/fr\/fruits-de-saison\/#breadcrumb\",\"itemListElement\":[{\"@type\":\"ListItem\",\"position\":1,\"item\":{\"@type\":\"WebPage\",\"@id\":\"http:\/\/elmarwa.com\/fr\/fruits-de-saison\/\",\"url\":\"http:\/\/elmarwa.com\/fr\/fruits-de-saison\/\",\"name\":\"Fruits de saison\"}}]}]}<\/script>\n<!-- \/ Yoast SEO plugin. -->","_links":{"self":[{"href":"https:\/\/elmarwa.com\/fr\/wp-json\/wp\/v2\/pages\/1082"}],"collection":[{"href":"https:\/\/elmarwa.com\/fr\/wp-json\/wp\/v2\/pages"}],"about":[{"href":"https:\/\/elmarwa.com\/fr\/wp-json\/wp\/v2\/types\/page"}],"author":[{"embeddable":true,"href":"https:\/\/elmarwa.com\/fr\/wp-json\/wp\/v2\/users\/1"}],"replies":[{"embeddable":true,"href":"https:\/\/elmarwa.com\/fr\/wp-json\/wp\/v2\/comments?post=1082"}],"version-history":[{"count":7,"href":"https:\/\/elmarwa.com\/fr\/wp-json\/wp\/v2\/pages\/1082\/revisions"}],"predecessor-version":[{"id":2308,"href":"https:\/\/elmarwa.com\/fr\/wp-json\/wp\/v2\/pages\/1082\/revisions\/2308"}],"wp:featuredmedia":[{"embeddable":true,"href":"https:\/\/elmarwa.com\/fr\/wp-json\/wp\/v2\/media\/2615"}],"wp:attachment":[{"href":"https:\/\/elmarwa.com\/fr\/wp-json\/wp\/v2\/media?parent=1082"}],"curies":[{"name":"wp","href":"https:\/\/api.w.org\/{rel}","templated":true}]}}