{"id":1074,"date":"2017-10-08T12:36:04","date_gmt":"2017-10-08T12:36:04","guid":{"rendered":"http:\/\/elmarwa.com\/?page_id=1074"},"modified":"2020-12-24T21:06:44","modified_gmt":"2020-12-24T21:06:44","slug":"nos-produits","status":"publish","type":"page","link":"https:\/\/elmarwa.com\/fr\/nos-produits\/","title":{"rendered":"Nos Produits"},"content":{"rendered":"\n<div style=\"height:94px\" aria-hidden=\"true\" class=\"wp-block-spacer\"><\/div>\n\n\n<section class=\"block-descriptions\" data-aos=\"fade\" data-aos-duration=\"500\">\n<div class=\"container\">\n      <div class=\"row justify-content-center\">\n        <div class=\"col-12 col-md-8\">\n          <p style=\"text-align: center;\">Tous les concentr\u00e9s, pulpes et pur\u00e9es de fruits El-Marwa sont enti\u00e8rement adaptables et peuvent servir assez largement dans toute l\u2019industrie agro-alimentaire. Ils constituent l\u2019\u00e9l\u00e9ment cl\u00e9 de cr\u00e8mes glac\u00e9es, aliments transform\u00e9s, produits laitiers, jus, cocktails et m\u00e9langes de fruits, et ar\u00f4mes.<\/p>\n<p style=\"text-align: center;\">A l\u2019heure actuelle, nos clients sont des entreprises localis\u00e9es dans l\u2019Union Europ\u00e9enne, le Golfe, en Asie et en Afrique \u2013 incluant certains des plus importants producteurs de boissons et cr\u00e8mes glac\u00e9es au monde.<\/p>\n    \n        <\/div>\n      <\/div>\n  <\/div>\n<\/section>","protected":false},"excerpt":{"rendered":"","protected":false},"author":1,"featured_media":1440,"parent":0,"menu_order":11,"comment_status":"closed","ping_status":"closed","template":"views\/template-custom.blade.php","meta":[],"yoast_head":"<!-- This site is optimized with the Yoast SEO plugin v15.5 - https:\/\/yoast.com\/wordpress\/plugins\/seo\/ -->\n<title>Nos Produits - El Marwa<\/title>\n<meta name=\"robots\" content=\"index, follow, max-snippet:-1, max-image-preview:large, max-video-preview:-1\" \/>\n<link rel=\"canonical\" href=\"http:\/\/elmarwa.com\/fr\/nos-produits\/\" \/>\n<meta property=\"og:locale\" content=\"fr_FR\" \/>\n<meta property=\"og:type\" content=\"article\" \/>\n<meta property=\"og:title\" content=\"Nos Produits - El Marwa\" \/>\n<meta property=\"og:url\" content=\"http:\/\/elmarwa.com\/fr\/nos-produits\/\" \/>\n<meta property=\"og:site_name\" content=\"El Marwa\" \/>\n<meta property=\"article:modified_time\" content=\"2020-12-24T21:06:44+00:00\" \/>\n<meta property=\"og:image\" content=\"https:\/\/elmarwa.com\/app\/uploads\/2020\/12\/1608119199_785_627788_rectangle24.png\" \/>\n\t<meta property=\"og:image:width\" content=\"1440\" \/>\n\t<meta property=\"og:image:height\" content=\"293\" \/>\n<meta name=\"twitter:card\" content=\"summary\" \/>\n<meta name=\"twitter:label1\" content=\"Dur\u00e9e de lecture est.\">\n\t<meta name=\"twitter:data1\" content=\"0 minute\">\n<script type=\"application\/ld+json\" class=\"yoast-schema-graph\">{\"@context\":\"https:\/\/schema.org\",\"@graph\":[{\"@type\":\"WebSite\",\"@id\":\"https:\/\/elmarwa.com\/#website\",\"url\":\"https:\/\/elmarwa.com\/\",\"name\":\"El Marwa\",\"description\":\"Food\",\"potentialAction\":[{\"@type\":\"SearchAction\",\"target\":\"https:\/\/elmarwa.com\/?s={search_term_string}\",\"query-input\":\"required name=search_term_string\"}],\"inLanguage\":\"fr-FR\"},{\"@type\":\"ImageObject\",\"@id\":\"http:\/\/elmarwa.com\/fr\/nos-produits\/#primaryimage\",\"inLanguage\":\"fr-FR\",\"url\":\"https:\/\/elmarwa.com\/app\/uploads\/2020\/12\/1608119199_785_627788_rectangle24.png\",\"width\":1440,\"height\":293},{\"@type\":\"WebPage\",\"@id\":\"http:\/\/elmarwa.com\/fr\/nos-produits\/#webpage\",\"url\":\"http:\/\/elmarwa.com\/fr\/nos-produits\/\",\"name\":\"Nos Produits - El Marwa\",\"isPartOf\":{\"@id\":\"https:\/\/elmarwa.com\/#website\"},\"primaryImageOfPage\":{\"@id\":\"http:\/\/elmarwa.com\/fr\/nos-produits\/#primaryimage\"},\"datePublished\":\"2017-10-08T12:36:04+00:00\",\"dateModified\":\"2020-12-24T21:06:44+00:00\",\"breadcrumb\":{\"@id\":\"http:\/\/elmarwa.com\/fr\/nos-produits\/#breadcrumb\"},\"inLanguage\":\"fr-FR\",\"potentialAction\":[{\"@type\":\"ReadAction\",\"target\":[\"http:\/\/elmarwa.com\/fr\/nos-produits\/\"]}]},{\"@type\":\"BreadcrumbList\",\"@id\":\"http:\/\/elmarwa.com\/fr\/nos-produits\/#breadcrumb\",\"itemListElement\":[{\"@type\":\"ListItem\",\"position\":1,\"item\":{\"@type\":\"WebPage\",\"@id\":\"http:\/\/elmarwa.com\/fr\/nos-produits\/\",\"url\":\"http:\/\/elmarwa.com\/fr\/nos-produits\/\",\"name\":\"Nos Produits\"}}]}]}<\/script>\n<!-- \/ Yoast SEO plugin. -->","_links":{"self":[{"href":"https:\/\/elmarwa.com\/fr\/wp-json\/wp\/v2\/pages\/1074"}],"collection":[{"href":"https:\/\/elmarwa.com\/fr\/wp-json\/wp\/v2\/pages"}],"about":[{"href":"https:\/\/elmarwa.com\/fr\/wp-json\/wp\/v2\/types\/page"}],"author":[{"embeddable":true,"href":"https:\/\/elmarwa.com\/fr\/wp-json\/wp\/v2\/users\/1"}],"replies":[{"embeddable":true,"href":"https:\/\/elmarwa.com\/fr\/wp-json\/wp\/v2\/comments?post=1074"}],"version-history":[{"count":11,"href":"https:\/\/elmarwa.com\/fr\/wp-json\/wp\/v2\/pages\/1074\/revisions"}],"predecessor-version":[{"id":2312,"href":"https:\/\/elmarwa.com\/fr\/wp-json\/wp\/v2\/pages\/1074\/revisions\/2312"}],"wp:featuredmedia":[{"embeddable":true,"href":"https:\/\/elmarwa.com\/fr\/wp-json\/wp\/v2\/media\/1440"}],"wp:attachment":[{"href":"https:\/\/elmarwa.com\/fr\/wp-json\/wp\/v2\/media?parent=1074"}],"curies":[{"name":"wp","href":"https:\/\/api.w.org\/{rel}","templated":true}]}}