{"id":1071,"date":"2017-10-08T10:40:41","date_gmt":"2017-10-08T10:40:41","guid":{"rendered":"http:\/\/elmarwa.com\/?page_id=1071"},"modified":"2023-10-29T10:17:31","modified_gmt":"2023-10-29T10:17:31","slug":"certificats-de-qualite","status":"publish","type":"page","link":"https:\/\/elmarwa.com\/fr\/certificats-de-qualite\/","title":{"rendered":"Certificats de qualit\u00e9"},"content":{"rendered":"\n<div style=\"height:96px\" aria-hidden=\"true\" class=\"wp-block-spacer\"><\/div>\n\n\n<section class=\"block-image-with-content\">\n<div class=\"container\">\n      <div class=\"row align-items-start flex-row-reverse\">\n        <div class=\"col-12 col-md-6 offset-md-1 order-item-last\">\n        <div class=\"shine\">\n          <img src=\"https:\/\/elmarwa.com\/app\/uploads\/2020\/12\/1608113753_517_176226_artboardcopy1.png\" class=\"img-fluid\" alt=\"Garanties qualit\u00e9\">\n      <\/div>\n        <p class=\"text-left caption text-uppercase mt-2\"><\/p>\n        <\/div>\n        <div class=\"col-12 col-md-5 \">\n                      <h2 class=\"font-vip text-green mb-4\">Garanties qualit\u00e9<\/h2>\n                    <p style=\"text-align: justify;\">Notre syst\u00e8me de gestion des op\u00e9rations est certifi\u00e9 selon les normes internationales pour son respect des standards environnementaux, sanitaires, de s\u00e9curit\u00e9, et de qualit\u00e9. Ces certificats sont le signe que nos produits respectent \u00e0 chaque instant les normes internationales les plus strictes, ouvrant ainsi la voie \u00e0 de nouveaux march\u00e9s.<\/p>\n<p>El-Marwa a par ailleurs obtenu les certifications suivantes:<\/p>\n<ul>\n<li>\n<h4><span style=\"color: #008041;\">Food Safety System Certificate (FSSC) 22000<\/span><\/h4>\n<p>En s\u2019inscrivant dans le cadre du FSSC 22000, El-Marwa certifie que ses employ\u00e9s adh\u00e8rent aux normes internationales de s\u00e9curit\u00e9 alimentaire et de qualit\u00e9 de la production.<\/li>\n<li>\n<h4><span style=\"color: #008041;\">ISO 22000<\/span><\/h4>\n<p>El-Marwa a re\u00e7u le certificat ISO 22000 en mettant \u00e0 jour nos cha\u00eenes de production, en nous assurant du respect des normes internationales de qualit\u00e9 et s\u00e9curit\u00e9 alimentaire, et en cr\u00e9ant un cadre de travail sain et s\u00fbr pour nos employ\u00e9s.<\/li>\n<li>\n<h4><span style=\"color: #008041;\">Occupational Health and Safety Assessment Series (OHSAS) 18001<\/span><\/h4>\n<p>A El-Marwa, nous sommes fiers d\u2019utiliser le syst\u00e8me OHSAS, un syst\u00e8me de gestion des risques et de la sant\u00e9 au travail particuli\u00e8rement efficace, nous permettant d\u2019am\u00e9liorer nos performances globales tout en r\u00e9duisant les risques s\u00e9curitaires et sanitaires.<\/li>\n<li>\n<h4><span style=\"color: #008041;\">Sure Global Fair (SGF)<\/span><strong style=\"color: #6d747c;\"><br \/>\n<\/strong><\/h4>\n<p>El-Marwa a \u00e9t\u00e9 reconnue par le conseil d\u2019administration des Assurances Internationales des Mati\u00e8res Premi\u00e8res (IRMA) comme fournisseur SGF officiel, ce qui signifie que nous respectons toutes les normes l\u00e9gales, de s\u00e9curit\u00e9, d\u2019autocontr\u00f4le et de qualit\u00e9 industrielle, en vigueur sur le march\u00e9 europ\u00e9en des jus de fruits.<\/li>\n<li style=\"text-align: justify;\">\n<h4><span style=\"color: #008041;\">Supply Chain Ethical Data Exchange (SEDEX)<\/span><\/h4>\n<p>Le syst\u00e8me SEDEX de gestion des cha\u00eenes d\u2019approvisionnement fournit \u00e0 El-Marwa une plateforme en ligne s\u00e9curis\u00e9e lui permettant d\u2019\u00e9changer et visualiser des informations sur les normes de travail, environnementales, sanitaires, ou en termes d\u2019\u00e9thique professionnelle. En plus de garantir le maintien d\u2019une \u00e9thique professionnelle dans notre r\u00e9seau d\u2019approvisionnement, El-Marwa participe au r\u00e9seau SEDEX en collaborant avec environ 150 autres membres afin de r\u00e9duire les risques et d\u2019am\u00e9liorer les pratiques globales de notre cha\u00eene d\u2019approvisionnement.<\/li>\n<\/ul>\n                  <\/div>\n      <\/div>\n  <\/div>\n  <div class=\"spacer-large\"><\/div>\n<\/section>\n\n<section class=\"block-slider-certificate bg-wild\">\n<div class=\"spacer-small d-block d-md-none\"><\/div>\n  <div class=\"container\">\n    <div class=\"row justify-content-center\">\n      <div class=\"col-md-4\">\n      <div class=\"slider-certificate\">\n              <div class=\"card\" data-aos=\"fade\" data-aos-duration=\"500\">\n            <div class=\"card-img-top img-background products-img\" style=\"background-image: url(https:\/\/elmarwa.com\/app\/uploads\/2023\/10\/1698573081_773_693002_untitled_page0001.jpg)\"><\/div>\n          <\/div>\n\n                      <div class=\"card\" data-aos=\"fade\" data-aos-duration=\"500\">\n            <div class=\"card-img-top img-background products-img\" style=\"background-image: url(https:\/\/elmarwa.com\/app\/uploads\/2023\/10\/1698573091_114_619491_untitled2_page0001.jpg)\"><\/div>\n          <\/div>\n\n                      <div class=\"card\" data-aos=\"fade\" data-aos-duration=\"500\">\n            <div class=\"card-img-top img-background products-img\" style=\"background-image: url(https:\/\/elmarwa.com\/app\/uploads\/2023\/10\/1698573107_438_838888_764309978updatedrenewal2022_page0001.jpg)\"><\/div>\n          <\/div>\n\n                      <div class=\"card\" data-aos=\"fade\" data-aos-duration=\"500\">\n            <div class=\"card-img-top img-background products-img\" style=\"background-image: url(https:\/\/elmarwa.com\/app\/uploads\/2023\/10\/1698573122_185_727866_764309978updatedrenewal2022_page0002.jpg)\"><\/div>\n          <\/div>\n\n                      <div class=\"card\" data-aos=\"fade\" data-aos-duration=\"500\">\n            <div class=\"card-img-top img-background products-img\" style=\"background-image: url(https:\/\/elmarwa.com\/app\/uploads\/2023\/10\/1698573136_202_1086957_halalcertelmarwa_page0001.jpg)\"><\/div>\n          <\/div>\n\n                      <div class=\"card\" data-aos=\"fade\" data-aos-duration=\"500\">\n            <div class=\"card-img-top img-background products-img\" style=\"background-image: url(https:\/\/elmarwa.com\/app\/uploads\/2023\/10\/1698573148_806_883591_halalcertelmarwa_page0002.jpg)\"><\/div>\n          <\/div>\n\n                      <div class=\"card\" data-aos=\"fade\" data-aos-duration=\"500\">\n            <div class=\"card-img-top img-background products-img\" style=\"background-image: url(https:\/\/elmarwa.com\/app\/uploads\/2023\/10\/1698573156_754_465616_iso50001_page0001.jpg)\"><\/div>\n          <\/div>\n\n                      <div class=\"card\" data-aos=\"fade\" data-aos-duration=\"500\">\n            <div class=\"card-img-top img-background products-img\" style=\"background-image: url(https:\/\/elmarwa.com\/app\/uploads\/2023\/10\/1698573188_198_1525833_marwa14001_page0001.jpg)\"><\/div>\n          <\/div>\n\n                      <div class=\"card\" data-aos=\"fade\" data-aos-duration=\"500\">\n            <div class=\"card-img-top img-background products-img\" style=\"background-image: url(https:\/\/elmarwa.com\/app\/uploads\/2023\/10\/1698573206_813_1498198_marwa45001_page0001.jpg)\"><\/div>\n          <\/div>\n\n                      <div class=\"card\" data-aos=\"fade\" data-aos-duration=\"500\">\n            <div class=\"card-img-top img-background products-img\" style=\"background-image: url(https:\/\/elmarwa.com\/app\/uploads\/2023\/10\/1698573217_739_661508_sgf20222024_page0001.jpg)\"><\/div>\n          <\/div>\n\n                      <div class=\"card\" data-aos=\"fade\" data-aos-duration=\"500\">\n            <div class=\"card-img-top img-background products-img\" style=\"background-image: url(https:\/\/elmarwa.com\/app\/uploads\/2023\/10\/1698574345_273_454148_2023_09_25_certificate_3178.jpg)\"><\/div>\n          <\/div>\n\n                      <div class=\"card\" data-aos=\"fade\" data-aos-duration=\"500\">\n            <div class=\"card-img-top img-background products-img\" style=\"background-image: url(https:\/\/elmarwa.com\/app\/uploads\/2023\/10\/1698574368_568_275669_iso50001.jpg)\"><\/div>\n          <\/div>\n\n                      <div class=\"card\" data-aos=\"fade\" data-aos-duration=\"500\">\n            <div class=\"card-img-top img-background products-img\" style=\"background-image: url(https:\/\/elmarwa.com\/app\/uploads\/2023\/10\/1698574393_368_537982_koshercert.1.jpg)\"><\/div>\n          <\/div>\n\n                      <div class=\"card\" data-aos=\"fade\" data-aos-duration=\"500\">\n            <div class=\"card-img-top img-background products-img\" style=\"background-image: url(https:\/\/elmarwa.com\/app\/uploads\/2023\/10\/1698574402_103_472719_koshercert.2.jpg)\"><\/div>\n          <\/div>\n\n                      <div class=\"card\" data-aos=\"fade\" data-aos-duration=\"500\">\n            <div class=\"card-img-top img-background products-img\" style=\"background-image: url(https:\/\/elmarwa.com\/app\/uploads\/2023\/10\/1698574423_447_454192_sgf20222024.jpg)\"><\/div>\n          <\/div>\n\n                <\/div>\n      <\/div>\n    <\/div>\n  <\/div>\n  <div class=\"spacer-large d-none d-md-block\"><\/div>\n  <div class=\"spacer-small d-block d-md-none\"><\/div>\n<\/section>\n","protected":false},"excerpt":{"rendered":"","protected":false},"author":1,"featured_media":1407,"parent":0,"menu_order":2,"comment_status":"closed","ping_status":"closed","template":"views\/template-custom.blade.php","meta":[],"yoast_head":"<!-- This site is optimized with the Yoast SEO plugin v15.5 - https:\/\/yoast.com\/wordpress\/plugins\/seo\/ -->\n<title>Certificats de qualit\u00e9 - El Marwa<\/title>\n<meta name=\"robots\" content=\"index, follow, max-snippet:-1, max-image-preview:large, max-video-preview:-1\" \/>\n<link rel=\"canonical\" href=\"https:\/\/elmarwa.com\/fr\/certificats-de-qualite\/\" \/>\n<meta property=\"og:locale\" content=\"fr_FR\" \/>\n<meta property=\"og:type\" content=\"article\" \/>\n<meta property=\"og:title\" content=\"Certificats de qualit\u00e9 - El Marwa\" \/>\n<meta property=\"og:url\" content=\"https:\/\/elmarwa.com\/fr\/certificats-de-qualite\/\" \/>\n<meta property=\"og:site_name\" content=\"El Marwa\" \/>\n<meta property=\"article:modified_time\" content=\"2023-10-29T10:17:31+00:00\" \/>\n<meta property=\"og:image\" content=\"https:\/\/elmarwa.com\/app\/uploads\/2020\/12\/1608113802_288_621085_rectangle23.png\" \/>\n\t<meta property=\"og:image:width\" content=\"1440\" \/>\n\t<meta property=\"og:image:height\" content=\"293\" \/>\n<meta name=\"twitter:card\" content=\"summary\" \/>\n<meta name=\"twitter:label1\" content=\"Dur\u00e9e de lecture est.\">\n\t<meta name=\"twitter:data1\" content=\"0 minute\">\n<script type=\"application\/ld+json\" class=\"yoast-schema-graph\">{\"@context\":\"https:\/\/schema.org\",\"@graph\":[{\"@type\":\"WebSite\",\"@id\":\"https:\/\/elmarwa.com\/#website\",\"url\":\"https:\/\/elmarwa.com\/\",\"name\":\"El Marwa\",\"description\":\"Food\",\"potentialAction\":[{\"@type\":\"SearchAction\",\"target\":\"https:\/\/elmarwa.com\/?s={search_term_string}\",\"query-input\":\"required name=search_term_string\"}],\"inLanguage\":\"fr-FR\"},{\"@type\":\"ImageObject\",\"@id\":\"https:\/\/elmarwa.com\/fr\/certificats-de-qualite\/#primaryimage\",\"inLanguage\":\"fr-FR\",\"url\":\"https:\/\/elmarwa.com\/app\/uploads\/2020\/12\/1608113802_288_621085_rectangle23.png\",\"width\":1440,\"height\":293},{\"@type\":\"WebPage\",\"@id\":\"https:\/\/elmarwa.com\/fr\/certificats-de-qualite\/#webpage\",\"url\":\"https:\/\/elmarwa.com\/fr\/certificats-de-qualite\/\",\"name\":\"Certificats de qualit\\u00e9 - El Marwa\",\"isPartOf\":{\"@id\":\"https:\/\/elmarwa.com\/#website\"},\"primaryImageOfPage\":{\"@id\":\"https:\/\/elmarwa.com\/fr\/certificats-de-qualite\/#primaryimage\"},\"datePublished\":\"2017-10-08T10:40:41+00:00\",\"dateModified\":\"2023-10-29T10:17:31+00:00\",\"breadcrumb\":{\"@id\":\"https:\/\/elmarwa.com\/fr\/certificats-de-qualite\/#breadcrumb\"},\"inLanguage\":\"fr-FR\",\"potentialAction\":[{\"@type\":\"ReadAction\",\"target\":[\"https:\/\/elmarwa.com\/fr\/certificats-de-qualite\/\"]}]},{\"@type\":\"BreadcrumbList\",\"@id\":\"https:\/\/elmarwa.com\/fr\/certificats-de-qualite\/#breadcrumb\",\"itemListElement\":[{\"@type\":\"ListItem\",\"position\":1,\"item\":{\"@type\":\"WebPage\",\"@id\":\"https:\/\/elmarwa.com\/fr\/certificats-de-qualite\/\",\"url\":\"https:\/\/elmarwa.com\/fr\/certificats-de-qualite\/\",\"name\":\"Certificats de qualit\\u00e9\"}}]}]}<\/script>\n<!-- \/ Yoast SEO plugin. -->","_links":{"self":[{"href":"https:\/\/elmarwa.com\/fr\/wp-json\/wp\/v2\/pages\/1071"}],"collection":[{"href":"https:\/\/elmarwa.com\/fr\/wp-json\/wp\/v2\/pages"}],"about":[{"href":"https:\/\/elmarwa.com\/fr\/wp-json\/wp\/v2\/types\/page"}],"author":[{"embeddable":true,"href":"https:\/\/elmarwa.com\/fr\/wp-json\/wp\/v2\/users\/1"}],"replies":[{"embeddable":true,"href":"https:\/\/elmarwa.com\/fr\/wp-json\/wp\/v2\/comments?post=1071"}],"version-history":[{"count":12,"href":"https:\/\/elmarwa.com\/fr\/wp-json\/wp\/v2\/pages\/1071\/revisions"}],"predecessor-version":[{"id":3219,"href":"https:\/\/elmarwa.com\/fr\/wp-json\/wp\/v2\/pages\/1071\/revisions\/3219"}],"wp:featuredmedia":[{"embeddable":true,"href":"https:\/\/elmarwa.com\/fr\/wp-json\/wp\/v2\/media\/1407"}],"wp:attachment":[{"href":"https:\/\/elmarwa.com\/fr\/wp-json\/wp\/v2\/media?parent=1071"}],"curies":[{"name":"wp","href":"https:\/\/api.w.org\/{rel}","templated":true}]}}