{"id":1068,"date":"2017-10-08T10:22:03","date_gmt":"2017-10-08T10:22:03","guid":{"rendered":"http:\/\/elmarwa.com\/?page_id=1068"},"modified":"2021-02-11T00:36:41","modified_gmt":"2021-02-11T00:36:41","slug":"controle-qualite","status":"publish","type":"page","link":"https:\/\/elmarwa.com\/fr\/controle-qualite\/","title":{"rendered":"Contr\u00f4le Qualit\u00e9"},"content":{"rendered":"\n<div style=\"height:40px\" aria-hidden=\"true\" class=\"wp-block-spacer\"><\/div>\n\n\n<section class=\"block-descriptions\" data-aos=\"fade\" data-aos-duration=\"500\">\n<div class=\"container\">\n      <div class=\"row justify-content-center\">\n        <div class=\"col-12 col-md-12\">\n          <h2 style=\"text-align: center;\"><span style=\"color: #2b6030;\">Des infrastructures modernes au service d\u2019une croissance future<\/span><\/h2>\n<p style=\"text-align: left;font-size: 18px;\">Les infrastructures de pointe d\u2019El-Marwa nous procurent souplesse, efficacit\u00e9 et contr\u00f4le \u00e9troit de la qualit\u00e9 tout au long de notre cha\u00eene de production.<\/p>\n<p style=\"text-align: left;\">Pour garantir que nos jus, pulpes et pur\u00e9es de fruits soient soumis \u00e0 des contr\u00f4les qualit\u00e9 stricts et des proc\u00e9d\u00e9s avanc\u00e9s, nous avons mis en place les crit\u00e8res suivants:<\/p>\n    \n        <\/div>\n      <\/div>\n  <\/div>\n<\/section>\n\n\n<div style=\"height:40px\" aria-hidden=\"true\" class=\"wp-block-spacer\"><\/div>\n\n\n<section class=\"block-image-with-content\">\n<div class=\"container\">\n      <div class=\"row align-items-start flex-row-reverse\">\n        <div class=\"col-12 col-md-6 offset-md-1 order-item-last\">\n        <div class=\"shine\">\n          <img src=\"https:\/\/elmarwa.com\/app\/uploads\/2021\/02\/1612998750_981_67832_engineerarecheckinginspectionredfireextinguishersfirecontrolroomsafetypreventionfiretraining_1014481003.jpg\" class=\"img-fluid\" alt=\"Syst\u00e8me de lutte contre les incendies\">\n      <\/div>\n        <p class=\"text-left caption text-uppercase mt-2\"><\/p>\n        <\/div>\n        <div class=\"col-12 col-md-5 \">\n                      <h2 class=\"font-vip text-green mb-4\">Syst\u00e8me de lutte contre les incendies<\/h2>\n                    <p style=\"font-size: 18px;\">Nos centres de productions sont \u00e9quip\u00e9s de syst\u00e8mes anti-incendie \u00e0 d\u00e9clenchement automatique, de m\u00eame que d\u2019extincteurs facilement accessibles.<\/p>\n                  <\/div>\n      <\/div>\n  <\/div>\n  <div class=\"spacer-large\"><\/div>\n<\/section>\n\n<section class=\"block-image-with-content\">\n<div class=\"container\">\n      <div class=\"row align-items-start flex-row-reverse\">\n        <div class=\"col-12 col-md-6 offset-md-1 order-item-last\">\n        <div class=\"shine\">\n          <img src=\"https:\/\/elmarwa.com\/app\/uploads\/2021\/02\/1612271343_537_28019369_dsc_3345-scaled.jpg\" class=\"img-fluid\" alt=\"Capacit\u00e9 de stockage\">\n      <\/div>\n        <p class=\"text-left caption text-uppercase mt-2\"><\/p>\n        <\/div>\n        <div class=\"col-12 col-md-5 \">\n                      <h2 class=\"font-vip text-green mb-4\">Capacit\u00e9 de stockage<\/h2>\n                    <p style=\"font-size: 18px;\">El-Marwa poss\u00e8de une capacit\u00e9 de stockage de 25 000 palettes, r\u00e9parties dans 6 entrep\u00f4ts adjacents \u00e0 nos centres de productions dans la ville du Six Octobre. Nous avons \u00e9galement acc\u00e8s \u00e0 un espace de stockage suppl\u00e9mentaire de 6000 palettes pour des produits surgel\u00e9s ou r\u00e9frig\u00e9r\u00e9s.<\/p>\n                  <\/div>\n      <\/div>\n  <\/div>\n  <div class=\"spacer-large\"><\/div>\n<\/section>\n\n<section class=\"block-image-with-content\">\n<div class=\"container\">\n      <div class=\"row align-items-start flex-row-reverse\">\n        <div class=\"col-12 col-md-6 offset-md-1 order-item-last\">\n        <div class=\"shine\">\n          <img src=\"https:\/\/elmarwa.com\/app\/uploads\/2020\/12\/1608112801_671_298432_rectangle53.png\" class=\"img-fluid\" alt=\"Hygi\u00e8ne et Contr\u00f4le qualit\u00e9\">\n      <\/div>\n        <p class=\"text-left caption text-uppercase mt-2\"><\/p>\n        <\/div>\n        <div class=\"col-12 col-md-5 \">\n                      <h2 class=\"font-vip text-green mb-4\">Hygi\u00e8ne et Contr\u00f4le qualit\u00e9<\/h2>\n                    <p style=\"font-size: 18px;\">Des mati\u00e8res premi\u00e8res aux produits finis, El-Marwa n\u2019emploie que des syst\u00e8mes de gestion de la s\u00e9curit\u00e9 alimentaire certifi\u00e9s et reconnus ainsi que des proc\u00e9d\u00e9s de production garantissant que les crit\u00e8res les plus rigoureux soient respect\u00e9s, en termes de qualit\u00e9 de la production comme d\u2019hygi\u00e8ne. Nous d\u00e9veloppons \u00e9galement des efforts constants afin d\u2019am\u00e9liorer les d\u00e9marches de progression individuelles et la productivit\u00e9 globale.<\/p>\n                  <\/div>\n      <\/div>\n  <\/div>\n  <div class=\"spacer-large\"><\/div>\n<\/section>\n\n<section class=\"block-image-with-content\">\n<div class=\"container\">\n      <div class=\"row align-items-start flex-row-reverse\">\n        <div class=\"col-12 col-md-6 offset-md-1 order-item-last\">\n        <div class=\"shine\">\n          <img src=\"https:\/\/elmarwa.com\/app\/uploads\/2021\/02\/1612266520_726_31234258_dsc_3363-scaled.jpg\" class=\"img-fluid\" alt=\"Rel\u00e8vement des ar\u00f4mes\">\n      <\/div>\n        <p class=\"text-left caption text-uppercase mt-2\"><\/p>\n        <\/div>\n        <div class=\"col-12 col-md-5 \">\n                      <h2 class=\"font-vip text-green mb-4\">Rel\u00e8vement des ar\u00f4mes<\/h2>\n                    <p style=\"font-size: 18px;\">Le rel\u00e8vement des ar\u00f4mes se fait en rajoutant des huiles aromatiques naturelles \u00e0 nos produits. Ce proc\u00e9d\u00e9 am\u00e9liore les propri\u00e9t\u00e9s organoleptiques de nos produits, leur donnant un go\u00fbt similaire \u00e0 celui d\u2019un jus fra\u00eechement press\u00e9.<\/p>\n                  <\/div>\n      <\/div>\n  <\/div>\n  <div class=\"spacer-large\"><\/div>\n<\/section>\n\n<section class=\"block-image-with-content\">\n<div class=\"container\">\n      <div class=\"row align-items-start flex-row-reverse\">\n        <div class=\"col-12 col-md-6 offset-md-1 order-item-last\">\n        <div class=\"shine\">\n          <img src=\"https:\/\/elmarwa.com\/app\/uploads\/2021\/02\/1613003468_140_60447_lightbulbwithdrawinggraph_12322105.jpg\" class=\"img-fluid\" alt=\"Mesures de s\u00e9curit\u00e9\">\n      <\/div>\n        <p class=\"text-left caption text-uppercase mt-2\"><\/p>\n        <\/div>\n        <div class=\"col-12 col-md-5 \">\n                      <h2 class=\"font-vip text-green mb-4\">Mesures de s\u00e9curit\u00e9<\/h2>\n                    <p style=\"font-size: 18px;\">El-Marwa a re\u00e7u l\u2019accr\u00e9ditation OHSAS 18001, garantissant une gestion interne efficace des th\u00e9matiques de s\u00e9curit\u00e9 et de sant\u00e9 au travail. Nous respectons \u00e9galement toutes les dispositions l\u00e9gales concernant la r\u00e9duction et la gestion des risques, et les contr\u00f4les sanitaires. Nos proc\u00e9d\u00e9s industriels modernes et automatis\u00e9s sont soumis \u00e0 des contr\u00f4les qualit\u00e9 rigoureux garantissant la s\u00e9curit\u00e9 et l\u2019am\u00e9lioration de notre performance globale.<\/p>\n                  <\/div>\n      <\/div>\n  <\/div>\n  <div class=\"spacer-large\"><\/div>\n<\/section>\n\n<section class=\"block-image-with-content\">\n<div class=\"container\">\n      <div class=\"row align-items-start flex-row-reverse\">\n        <div class=\"col-12 col-md-6 offset-md-1 order-item-last\">\n        <div class=\"shine\">\n          <img src=\"https:\/\/elmarwa.com\/app\/uploads\/2020\/12\/1608031823_577_348784_rectangle4.png\" class=\"img-fluid\" alt=\"Syst\u00e8mes de r\u00e9chauffement\">\n      <\/div>\n        <p class=\"text-left caption text-uppercase mt-2\"><\/p>\n        <\/div>\n        <div class=\"col-12 col-md-5 \">\n                      <h2 class=\"font-vip text-green mb-4\">Syst\u00e8mes de r\u00e9chauffement<\/h2>\n                    <p style=\"font-size: 18px;\">El-Marwa emploie deux chaudi\u00e8res dot\u00e9es des technologies les plus r\u00e9centes et permettant de g\u00e9n\u00e9rer la quantit\u00e9 optimale de vapeur n\u00e9cessaire \u00e0 la production de nos denr\u00e9es.<\/p>\n                  <\/div>\n      <\/div>\n  <\/div>\n  <div class=\"spacer-large\"><\/div>\n<\/section>","protected":false},"excerpt":{"rendered":"","protected":false},"author":1,"featured_media":1387,"parent":0,"menu_order":5,"comment_status":"closed","ping_status":"closed","template":"views\/template-custom.blade.php","meta":[],"yoast_head":"<!-- This site is optimized with the Yoast SEO plugin v15.5 - https:\/\/yoast.com\/wordpress\/plugins\/seo\/ -->\n<title>Contr\u00f4le Qualit\u00e9 - El Marwa<\/title>\n<meta name=\"robots\" content=\"index, follow, max-snippet:-1, max-image-preview:large, max-video-preview:-1\" \/>\n<link rel=\"canonical\" href=\"http:\/\/elmarwa.com\/fr\/controle-qualite\/\" \/>\n<meta property=\"og:locale\" content=\"fr_FR\" \/>\n<meta property=\"og:type\" content=\"article\" \/>\n<meta property=\"og:title\" content=\"Contr\u00f4le Qualit\u00e9 - El Marwa\" \/>\n<meta property=\"og:url\" content=\"http:\/\/elmarwa.com\/fr\/controle-qualite\/\" \/>\n<meta property=\"og:site_name\" content=\"El Marwa\" \/>\n<meta property=\"article:modified_time\" content=\"2021-02-11T00:36:41+00:00\" \/>\n<meta property=\"og:image\" content=\"https:\/\/elmarwa.com\/app\/uploads\/2020\/12\/1608112976_583_376309_rectangle22.png\" \/>\n\t<meta property=\"og:image:width\" content=\"1440\" \/>\n\t<meta property=\"og:image:height\" content=\"293\" \/>\n<meta name=\"twitter:card\" content=\"summary\" \/>\n<meta name=\"twitter:label1\" content=\"Dur\u00e9e de lecture est.\">\n\t<meta name=\"twitter:data1\" content=\"0 minute\">\n<script type=\"application\/ld+json\" class=\"yoast-schema-graph\">{\"@context\":\"https:\/\/schema.org\",\"@graph\":[{\"@type\":\"WebSite\",\"@id\":\"https:\/\/elmarwa.com\/#website\",\"url\":\"https:\/\/elmarwa.com\/\",\"name\":\"El Marwa\",\"description\":\"Food\",\"potentialAction\":[{\"@type\":\"SearchAction\",\"target\":\"https:\/\/elmarwa.com\/?s={search_term_string}\",\"query-input\":\"required name=search_term_string\"}],\"inLanguage\":\"fr-FR\"},{\"@type\":\"ImageObject\",\"@id\":\"http:\/\/elmarwa.com\/fr\/controle-qualite\/#primaryimage\",\"inLanguage\":\"fr-FR\",\"url\":\"https:\/\/elmarwa.com\/app\/uploads\/2020\/12\/1608112976_583_376309_rectangle22.png\",\"width\":1440,\"height\":293},{\"@type\":\"WebPage\",\"@id\":\"http:\/\/elmarwa.com\/fr\/controle-qualite\/#webpage\",\"url\":\"http:\/\/elmarwa.com\/fr\/controle-qualite\/\",\"name\":\"Contr\\u00f4le Qualit\\u00e9 - El Marwa\",\"isPartOf\":{\"@id\":\"https:\/\/elmarwa.com\/#website\"},\"primaryImageOfPage\":{\"@id\":\"http:\/\/elmarwa.com\/fr\/controle-qualite\/#primaryimage\"},\"datePublished\":\"2017-10-08T10:22:03+00:00\",\"dateModified\":\"2021-02-11T00:36:41+00:00\",\"breadcrumb\":{\"@id\":\"http:\/\/elmarwa.com\/fr\/controle-qualite\/#breadcrumb\"},\"inLanguage\":\"fr-FR\",\"potentialAction\":[{\"@type\":\"ReadAction\",\"target\":[\"http:\/\/elmarwa.com\/fr\/controle-qualite\/\"]}]},{\"@type\":\"BreadcrumbList\",\"@id\":\"http:\/\/elmarwa.com\/fr\/controle-qualite\/#breadcrumb\",\"itemListElement\":[{\"@type\":\"ListItem\",\"position\":1,\"item\":{\"@type\":\"WebPage\",\"@id\":\"http:\/\/elmarwa.com\/fr\/controle-qualite\/\",\"url\":\"http:\/\/elmarwa.com\/fr\/controle-qualite\/\",\"name\":\"Contr\\u00f4le Qualit\\u00e9\"}}]}]}<\/script>\n<!-- \/ Yoast SEO plugin. -->","_links":{"self":[{"href":"https:\/\/elmarwa.com\/fr\/wp-json\/wp\/v2\/pages\/1068"}],"collection":[{"href":"https:\/\/elmarwa.com\/fr\/wp-json\/wp\/v2\/pages"}],"about":[{"href":"https:\/\/elmarwa.com\/fr\/wp-json\/wp\/v2\/types\/page"}],"author":[{"embeddable":true,"href":"https:\/\/elmarwa.com\/fr\/wp-json\/wp\/v2\/users\/1"}],"replies":[{"embeddable":true,"href":"https:\/\/elmarwa.com\/fr\/wp-json\/wp\/v2\/comments?post=1068"}],"version-history":[{"count":23,"href":"https:\/\/elmarwa.com\/fr\/wp-json\/wp\/v2\/pages\/1068\/revisions"}],"predecessor-version":[{"id":3048,"href":"https:\/\/elmarwa.com\/fr\/wp-json\/wp\/v2\/pages\/1068\/revisions\/3048"}],"wp:featuredmedia":[{"embeddable":true,"href":"https:\/\/elmarwa.com\/fr\/wp-json\/wp\/v2\/media\/1387"}],"wp:attachment":[{"href":"https:\/\/elmarwa.com\/fr\/wp-json\/wp\/v2\/media?parent=1068"}],"curies":[{"name":"wp","href":"https:\/\/api.w.org\/{rel}","templated":true}]}}