{"id":1065,"date":"2017-10-08T09:10:05","date_gmt":"2017-10-08T09:10:05","guid":{"rendered":"http:\/\/elmarwa.com\/?page_id=1065"},"modified":"2021-02-02T13:31:17","modified_gmt":"2021-02-02T13:31:17","slug":"strategie-vision","status":"publish","type":"page","link":"https:\/\/elmarwa.com\/fr\/strategie-vision\/","title":{"rendered":"Strat\u00e9gie &#038; Vision"},"content":{"rendered":"\n<div style=\"height:96px\" aria-hidden=\"true\" class=\"wp-block-spacer\"><\/div>\n\n\n<section class=\"block-image-with-content\">\n<div class=\"container\">\n      <div class=\"row align-items-start flex-row-reverse\">\n        <div class=\"col-12 col-md-6 offset-md-1 order-item-last\">\n        <div class=\"shine\">\n          <img src=\"https:\/\/elmarwa.com\/app\/uploads\/2020\/12\/1608110660_701_389987_rectangle41.png\" class=\"img-fluid\" alt=\"Strat\u00e9gie\">\n      <\/div>\n        <p class=\"text-left caption text-uppercase mt-2\"><\/p>\n        <\/div>\n        <div class=\"col-12 col-md-5 \">\n                      <h2 class=\"font-vip text-green mb-4\">Strat\u00e9gie<\/h2>\n                    <p>L\u2019efficacit\u00e9 et la coop\u00e9ration \u00e9troite avec nos consommateurs sont au c\u0153ur de la strat\u00e9gie op\u00e9rationnelle d\u2019El-Marwa et la cl\u00e9 de sa croissance \u00e0 long-terme.<\/p>\n<p>Enr\u00e9duisant les co\u00fbts de production et maximisant les contr\u00f4les sur notre cha\u00eene d\u2019approvisionnement, nous garantissons la fiabilit\u00e9 de nos approvisionnements, et la qualit\u00e9, la s\u00e9curit\u00e9 et le rapport qualit\u00e9\/prix de nos produits.<\/p>\n                  <\/div>\n      <\/div>\n  <\/div>\n  <div class=\"spacer-large\"><\/div>\n<\/section>\n\n<section class=\"block-image-with-content\">\n<div class=\"container\">\n      <div class=\"row align-items-start flex-row\">\n        <div class=\"col-12 col-md-6  order-item-last\">\n        <div class=\"shine\">\n          <img src=\"https:\/\/elmarwa.com\/app\/uploads\/2020\/12\/1608818676_959_848976_strawberryhdimages1.jpg\" class=\"img-fluid\" alt=\"Vision\">\n      <\/div>\n        <p class=\"text-right caption text-uppercase mt-2\"><\/p>\n        <\/div>\n        <div class=\"col-12 col-md-5 offset-md-1\">\n                      <h2 class=\"font-vip text-green mb-4\">Vision<\/h2>\n                    <p>Nous aspirons \u00e0 devenir le \u00ab partenaire privil\u00e9gi\u00e9 \u00bb au niveau mondial de consommateurs \u00e0 la recherche de concentr\u00e9s, pur\u00e9es et pulpes de fruits de qualit\u00e9.<\/p>\n<p>C\u2019est pourquoi nous d\u00e9veloppons en permanence un r\u00e9seau d\u2019approvisionnement efficace et durable, de nos fournisseurs de fruits aux producteurs de produits finaux. Par l\u2019extension de notre capacit\u00e9 de production, la mise \u00e0 jour de notre \u00e9quipement, et l\u2019acquisition de brevets et certificats internationaux suppl\u00e9mentaires, El-Marwa se pr\u00e9pare \u00e0 conqu\u00e9rir des parts de march\u00e9 plus cons\u00e9quentes \u00e0 l\u2019\u00e9chelle r\u00e9gionale et mondiale.<\/p>\n                  <\/div>\n      <\/div>\n  <\/div>\n  <div class=\"spacer-large\"><\/div>\n<\/section>","protected":false},"excerpt":{"rendered":"","protected":false},"author":1,"featured_media":1361,"parent":0,"menu_order":20,"comment_status":"closed","ping_status":"closed","template":"views\/template-custom.blade.php","meta":[],"yoast_head":"<!-- This site is optimized with the Yoast SEO plugin v15.5 - https:\/\/yoast.com\/wordpress\/plugins\/seo\/ -->\n<title>Strat\u00e9gie &amp; Vision - El Marwa<\/title>\n<meta name=\"robots\" content=\"index, follow, max-snippet:-1, max-image-preview:large, max-video-preview:-1\" \/>\n<link rel=\"canonical\" href=\"http:\/\/elmarwa.com\/fr\/strategie-vision\/\" \/>\n<meta property=\"og:locale\" content=\"fr_FR\" \/>\n<meta property=\"og:type\" content=\"article\" \/>\n<meta property=\"og:title\" content=\"Strat\u00e9gie &amp; Vision - El Marwa\" \/>\n<meta property=\"og:url\" content=\"http:\/\/elmarwa.com\/fr\/strategie-vision\/\" \/>\n<meta property=\"og:site_name\" content=\"El Marwa\" \/>\n<meta property=\"article:modified_time\" content=\"2021-02-02T13:31:17+00:00\" \/>\n<meta property=\"og:image\" content=\"https:\/\/elmarwa.com\/app\/uploads\/2020\/12\/1608110933_226_649072_rectangle21.png\" \/>\n\t<meta property=\"og:image:width\" content=\"1440\" \/>\n\t<meta property=\"og:image:height\" content=\"293\" \/>\n<meta name=\"twitter:card\" content=\"summary\" \/>\n<meta name=\"twitter:label1\" content=\"Dur\u00e9e de lecture est.\">\n\t<meta name=\"twitter:data1\" content=\"0 minute\">\n<script type=\"application\/ld+json\" class=\"yoast-schema-graph\">{\"@context\":\"https:\/\/schema.org\",\"@graph\":[{\"@type\":\"WebSite\",\"@id\":\"https:\/\/elmarwa.com\/#website\",\"url\":\"https:\/\/elmarwa.com\/\",\"name\":\"El Marwa\",\"description\":\"Food\",\"potentialAction\":[{\"@type\":\"SearchAction\",\"target\":\"https:\/\/elmarwa.com\/?s={search_term_string}\",\"query-input\":\"required name=search_term_string\"}],\"inLanguage\":\"fr-FR\"},{\"@type\":\"ImageObject\",\"@id\":\"http:\/\/elmarwa.com\/fr\/strategie-vision\/#primaryimage\",\"inLanguage\":\"fr-FR\",\"url\":\"https:\/\/elmarwa.com\/app\/uploads\/2020\/12\/1608110933_226_649072_rectangle21.png\",\"width\":1440,\"height\":293},{\"@type\":\"WebPage\",\"@id\":\"http:\/\/elmarwa.com\/fr\/strategie-vision\/#webpage\",\"url\":\"http:\/\/elmarwa.com\/fr\/strategie-vision\/\",\"name\":\"Strat\\u00e9gie & Vision - El Marwa\",\"isPartOf\":{\"@id\":\"https:\/\/elmarwa.com\/#website\"},\"primaryImageOfPage\":{\"@id\":\"http:\/\/elmarwa.com\/fr\/strategie-vision\/#primaryimage\"},\"datePublished\":\"2017-10-08T09:10:05+00:00\",\"dateModified\":\"2021-02-02T13:31:17+00:00\",\"breadcrumb\":{\"@id\":\"http:\/\/elmarwa.com\/fr\/strategie-vision\/#breadcrumb\"},\"inLanguage\":\"fr-FR\",\"potentialAction\":[{\"@type\":\"ReadAction\",\"target\":[\"http:\/\/elmarwa.com\/fr\/strategie-vision\/\"]}]},{\"@type\":\"BreadcrumbList\",\"@id\":\"http:\/\/elmarwa.com\/fr\/strategie-vision\/#breadcrumb\",\"itemListElement\":[{\"@type\":\"ListItem\",\"position\":1,\"item\":{\"@type\":\"WebPage\",\"@id\":\"http:\/\/elmarwa.com\/fr\/strategie-vision\/\",\"url\":\"http:\/\/elmarwa.com\/fr\/strategie-vision\/\",\"name\":\"Strat\\u00e9gie &#038; Vision\"}}]}]}<\/script>\n<!-- \/ Yoast SEO plugin. -->","_links":{"self":[{"href":"https:\/\/elmarwa.com\/fr\/wp-json\/wp\/v2\/pages\/1065"}],"collection":[{"href":"https:\/\/elmarwa.com\/fr\/wp-json\/wp\/v2\/pages"}],"about":[{"href":"https:\/\/elmarwa.com\/fr\/wp-json\/wp\/v2\/types\/page"}],"author":[{"embeddable":true,"href":"https:\/\/elmarwa.com\/fr\/wp-json\/wp\/v2\/users\/1"}],"replies":[{"embeddable":true,"href":"https:\/\/elmarwa.com\/fr\/wp-json\/wp\/v2\/comments?post=1065"}],"version-history":[{"count":12,"href":"https:\/\/elmarwa.com\/fr\/wp-json\/wp\/v2\/pages\/1065\/revisions"}],"predecessor-version":[{"id":2737,"href":"https:\/\/elmarwa.com\/fr\/wp-json\/wp\/v2\/pages\/1065\/revisions\/2737"}],"wp:featuredmedia":[{"embeddable":true,"href":"https:\/\/elmarwa.com\/fr\/wp-json\/wp\/v2\/media\/1361"}],"wp:attachment":[{"href":"https:\/\/elmarwa.com\/fr\/wp-json\/wp\/v2\/media?parent=1065"}],"curies":[{"name":"wp","href":"https:\/\/api.w.org\/{rel}","templated":true}]}}