{"id":1063,"date":"2017-10-08T09:00:42","date_gmt":"2017-10-08T09:00:42","guid":{"rendered":"http:\/\/elmarwa.com\/?page_id=1063"},"modified":"2021-02-10T08:28:50","modified_gmt":"2021-02-10T08:28:50","slug":"que-faisons-nous","status":"publish","type":"page","link":"https:\/\/elmarwa.com\/fr\/que-faisons-nous\/","title":{"rendered":"Que Faisons-Nous"},"content":{"rendered":"\n<div style=\"height:96px\" aria-hidden=\"true\" class=\"wp-block-spacer\"><\/div>\n\n\n<section class=\"block-image-with-content\">\n<div class=\"container\">\n      <div class=\"row align-items-center flex-row-reverse\">\n        <div class=\"col-12 col-md-6 offset-md-1 order-item-last\">\n        <div class=\"shine\">\n          <img src=\"https:\/\/elmarwa.com\/app\/uploads\/2020\/12\/1608822097_929_382437_6.png\" class=\"img-fluid\" alt=\"Nos usines\">\n      <\/div>\n        <p class=\"text-left caption text-uppercase mt-2\"><\/p>\n        <\/div>\n        <div class=\"col-12 col-md-5 \">\n                      <h2 class=\"font-vip text-green mb-4\">Nos usines<\/h2>\n                    <h4><span style=\"color: #2b6030;\">Les deux usines El-Marwa, dot\u00e9es de technologies de pointe, sont sp\u00e9cialis\u00e9es dans la production d\u2019agrumes et autres fruits exotiques.<\/span><\/h4>\n<p>L\u2019usine El-Marwa, notre premier centre de production construit en 1998, produit 25 000 tonnes de pur\u00e9e et concentr\u00e9 de fruits exotiques par an.<\/p>\n<p>Fond\u00e9e en 2007, l\u2019Usine Moderne de Concentr\u00e9s a permis de faire passer la capacit\u00e9 d\u2019extraction d\u2019agrumes d\u2019El-Marwa de 300 \u00e0 700 tonnes par jour. L\u2019usine emploie 12 extracteurs FMC de pointe et une tour d\u2019\u00e9vaporation qui produisent 10 000 tonnes de concentr\u00e9s d\u2019orange, pamplemousse et citron par an.<\/p>\n                  <\/div>\n      <\/div>\n  <\/div>\n  <div class=\"spacer-large\"><\/div>\n<\/section>\n\n<section class=\"block-image-with-content\">\n<div class=\"container\">\n      <div class=\"row align-items-center flex-row\">\n        <div class=\"col-12 col-md-6  order-item-last\">\n        <div class=\"shine\">\n          <img src=\"https:\/\/elmarwa.com\/app\/uploads\/2021\/02\/1612266242_593_29220605_dsc_32831-scaled.jpg\" class=\"img-fluid\" alt=\"Cha\u00eenes de production et gestion des centres\">\n      <\/div>\n        <p class=\"text-right caption text-uppercase mt-2\"><\/p>\n        <\/div>\n        <div class=\"col-12 col-md-5 offset-md-1\">\n                      <h2 class=\"font-vip text-green mb-4\">Cha\u00eenes de production et gestion des centres<\/h2>\n                    <p>Nos deux centres de production fonctionnent en respectant les normes d\u2019hygi\u00e8ne les plus avanc\u00e9es, et tous nos produits sont transform\u00e9s dans des cha\u00eenes de production particuli\u00e8rement efficaces, sp\u00e9cialementconstruites et fournies par un fournisseur international leader dans le domaine de l\u2019\u00e9quipement technologique de centres de production agro-alimentaire, mais \u00e9galement par des fournisseurs de mat\u00e9riel sp\u00e9cialis\u00e9 pour l\u2019industrie du fruit, de la pr\u00e9paration \u00e0 la pr\u00e9servation et l\u2019emballage.<\/p>\n                  <\/div>\n      <\/div>\n  <\/div>\n  <div class=\"spacer-large\"><\/div>\n<\/section>\n\n<section class=\"block-image-with-content\">\n<div class=\"container\">\n      <div class=\"row align-items-center flex-row-reverse\">\n        <div class=\"col-12 col-md-6 offset-md-1 order-item-last\">\n        <div class=\"shine\">\n          <img src=\"https:\/\/elmarwa.com\/app\/uploads\/2021\/02\/1612268904_433_26400176_dsc_33021-scaled.jpg\" class=\"img-fluid\" alt=\"\">\n      <\/div>\n        <p class=\"text-left caption text-uppercase mt-2\"><\/p>\n        <\/div>\n        <div class=\"col-12 col-md-5 \">\n                    <h4><span style=\"color: #2b6030;\">Nos centres de productions utilisent les cha\u00eenes de production suivantes:<\/span><\/h4>\n<p>&#8211; Cha\u00eenes JBT: cha\u00eenes de production de fruits exotiques (mangue, goyave, p\u00eache, abricot, fraise) et d\u2019agrumes (orange, citron, mandarine, et pamplemousse)<\/p>\n<p>&#8211; Cha\u00eene CFT Rossi &amp;amp; Catelli: pour les fruits exotiques et tomates, incluant un \u00e9vaporateur \u00e0 m\u00e9lange de flux<\/p>\n<p>&#8211; Cha\u00eene Voran: pour les concentr\u00e9s de pomme, raisin, et carottes<\/p>\n<p>&#8211; Cha\u00eene Cuccolini: pour la grenade<\/p>\n<p>&#8211; Cha\u00eene FBR: pour les produits \u00e0 double-emballage Bag-in-Box<\/p>\n                  <\/div>\n      <\/div>\n  <\/div>\n  <div class=\"spacer-large\"><\/div>\n<\/section>\n\n<section class=\"banner img-background d-flex align-items-center\" style=\"background-image: url(https:\/\/elmarwa.com\/app\/uploads\/2017\/02\/M19.jpg)\">\n  <div class=\"container\">\n      <div class=\"row justify-content-center\" data-aos=\"fade\" data-aos-duration=\"500\">\n          <div class=\"col-12 col-md-6 text-center\">\n                      <\/div>\n      <\/div>\n  <\/div>\n<\/section>\n\n\n\n\n<div style=\"height:40px\" aria-hidden=\"true\" class=\"wp-block-spacer\"><\/div>\n\n\n<section class=\"block-descriptions\" data-aos=\"fade\" data-aos-duration=\"500\">\n<div class=\"container\">\n      <div class=\"row justify-content-center\">\n        <div class=\"col-12 col-md-8\">\n          <p>Nous employons \u00e9galement une gamme compl\u00e8te de technologies nous permettant de garantir la fra\u00eecheur, le go\u00fbt, la texture, l\u2019apparence et les valeurs nutritionnelles de nos produits \u00e0 base de fruits, qu\u2019ils soient frais ou transform\u00e9s.<\/p>\n<p>El-Marwa utilise un syst\u00e8me int\u00e9gr\u00e9 SAP, ainsi qu\u2019une gamme compl\u00e8te d\u2019outils de gestion et d\u2019administration des entreprises (ERP), pour standardiser tous les processus et op\u00e9rations de production. Notre \u00e9quipe comprend 150 employ\u00e9s dans les secteurs de l\u2019administration et de la production, tous enti\u00e8rement d\u00e9vou\u00e9s au respect de normes rigoureuses de s\u00e9curit\u00e9 au travail.<\/p>\n    \n        <\/div>\n      <\/div>\n  <\/div>\n<\/section>\n\n\n<div style=\"height:96px\" aria-hidden=\"true\" class=\"wp-block-spacer\"><\/div>\n\n\n<section class=\"block-image-with-content\">\n<div class=\"container\">\n      <div class=\"row align-items-center flex-row\">\n        <div class=\"col-12 col-md-6  order-item-last\">\n        <div class=\"shine\">\n          <img src=\"https:\/\/elmarwa.com\/app\/uploads\/2020\/12\/1608822214_655_364023_470px350px02.png\" class=\"img-fluid\" alt=\"Ville du Six Octobre\">\n      <\/div>\n        <p class=\"text-right caption text-uppercase mt-2\"><\/p>\n        <\/div>\n        <div class=\"col-12 col-md-5 offset-md-1\">\n                      <h2 class=\"font-vip text-green mb-4\">Ville du Six Octobre<\/h2>\n                    <p>L\u2019emplacement strat\u00e9gique des centres de production d\u2019El-Marwa dans la ville du Six Octobre nous permet d\u2019op\u00e9rer \u00e0 proximit\u00e9 de nos mati\u00e8res premi\u00e8res, minimisant ainsi le temps \u00e9coul\u00e9 entre la r\u00e9colte et la transformation des fruits, garantissant de ce fait plus d\u2019efficacit\u00e9 et de fra\u00eecheur.<\/p>\n<p>Cette zone bien \u00e9quip\u00e9e en infrastructures industrielles comprend des sources stables d\u2019approvisionnement \u00e9lectrique et en eau, des services de transport fiables facilitant le trajet quotidien de pr\u00e8s de 500 000 employ\u00e9s, et est.<\/p>\n                  <\/div>\n      <\/div>\n  <\/div>\n  <div class=\"spacer-large\"><\/div>\n<\/section>","protected":false},"excerpt":{"rendered":"","protected":false},"author":1,"featured_media":1698,"parent":0,"menu_order":17,"comment_status":"closed","ping_status":"closed","template":"views\/template-custom.blade.php","meta":[],"yoast_head":"<!-- This site is optimized with the Yoast SEO plugin v15.5 - https:\/\/yoast.com\/wordpress\/plugins\/seo\/ -->\n<title>Que Faisons-Nous - El Marwa<\/title>\n<meta name=\"robots\" content=\"index, follow, max-snippet:-1, max-image-preview:large, max-video-preview:-1\" \/>\n<link rel=\"canonical\" href=\"http:\/\/elmarwa.com\/fr\/que-faisons-nous\/\" \/>\n<meta property=\"og:locale\" content=\"fr_FR\" \/>\n<meta property=\"og:type\" content=\"article\" \/>\n<meta property=\"og:title\" content=\"Que Faisons-Nous - El Marwa\" \/>\n<meta property=\"og:url\" content=\"http:\/\/elmarwa.com\/fr\/que-faisons-nous\/\" \/>\n<meta property=\"og:site_name\" content=\"El Marwa\" \/>\n<meta property=\"article:modified_time\" content=\"2021-02-10T08:28:50+00:00\" \/>\n<meta property=\"og:image\" content=\"https:\/\/elmarwa.com\/app\/uploads\/2020\/12\/1608479306_958_665962_rectangle28.png\" \/>\n\t<meta property=\"og:image:width\" content=\"1440\" \/>\n\t<meta property=\"og:image:height\" content=\"293\" \/>\n<meta name=\"twitter:card\" content=\"summary\" \/>\n<meta name=\"twitter:label1\" content=\"Dur\u00e9e de lecture est.\">\n\t<meta name=\"twitter:data1\" content=\"0 minute\">\n<script type=\"application\/ld+json\" class=\"yoast-schema-graph\">{\"@context\":\"https:\/\/schema.org\",\"@graph\":[{\"@type\":\"WebSite\",\"@id\":\"https:\/\/elmarwa.com\/#website\",\"url\":\"https:\/\/elmarwa.com\/\",\"name\":\"El Marwa\",\"description\":\"Food\",\"potentialAction\":[{\"@type\":\"SearchAction\",\"target\":\"https:\/\/elmarwa.com\/?s={search_term_string}\",\"query-input\":\"required name=search_term_string\"}],\"inLanguage\":\"fr-FR\"},{\"@type\":\"ImageObject\",\"@id\":\"http:\/\/elmarwa.com\/fr\/que-faisons-nous\/#primaryimage\",\"inLanguage\":\"fr-FR\",\"url\":\"https:\/\/elmarwa.com\/app\/uploads\/2020\/12\/1608479306_958_665962_rectangle28.png\",\"width\":1440,\"height\":293},{\"@type\":\"WebPage\",\"@id\":\"http:\/\/elmarwa.com\/fr\/que-faisons-nous\/#webpage\",\"url\":\"http:\/\/elmarwa.com\/fr\/que-faisons-nous\/\",\"name\":\"Que Faisons-Nous - El Marwa\",\"isPartOf\":{\"@id\":\"https:\/\/elmarwa.com\/#website\"},\"primaryImageOfPage\":{\"@id\":\"http:\/\/elmarwa.com\/fr\/que-faisons-nous\/#primaryimage\"},\"datePublished\":\"2017-10-08T09:00:42+00:00\",\"dateModified\":\"2021-02-10T08:28:50+00:00\",\"breadcrumb\":{\"@id\":\"http:\/\/elmarwa.com\/fr\/que-faisons-nous\/#breadcrumb\"},\"inLanguage\":\"fr-FR\",\"potentialAction\":[{\"@type\":\"ReadAction\",\"target\":[\"http:\/\/elmarwa.com\/fr\/que-faisons-nous\/\"]}]},{\"@type\":\"BreadcrumbList\",\"@id\":\"http:\/\/elmarwa.com\/fr\/que-faisons-nous\/#breadcrumb\",\"itemListElement\":[{\"@type\":\"ListItem\",\"position\":1,\"item\":{\"@type\":\"WebPage\",\"@id\":\"http:\/\/elmarwa.com\/fr\/que-faisons-nous\/\",\"url\":\"http:\/\/elmarwa.com\/fr\/que-faisons-nous\/\",\"name\":\"Que Faisons-Nous\"}}]}]}<\/script>\n<!-- \/ Yoast SEO plugin. -->","_links":{"self":[{"href":"https:\/\/elmarwa.com\/fr\/wp-json\/wp\/v2\/pages\/1063"}],"collection":[{"href":"https:\/\/elmarwa.com\/fr\/wp-json\/wp\/v2\/pages"}],"about":[{"href":"https:\/\/elmarwa.com\/fr\/wp-json\/wp\/v2\/types\/page"}],"author":[{"embeddable":true,"href":"https:\/\/elmarwa.com\/fr\/wp-json\/wp\/v2\/users\/1"}],"replies":[{"embeddable":true,"href":"https:\/\/elmarwa.com\/fr\/wp-json\/wp\/v2\/comments?post=1063"}],"version-history":[{"count":30,"href":"https:\/\/elmarwa.com\/fr\/wp-json\/wp\/v2\/pages\/1063\/revisions"}],"predecessor-version":[{"id":3020,"href":"https:\/\/elmarwa.com\/fr\/wp-json\/wp\/v2\/pages\/1063\/revisions\/3020"}],"wp:featuredmedia":[{"embeddable":true,"href":"https:\/\/elmarwa.com\/fr\/wp-json\/wp\/v2\/media\/1698"}],"wp:attachment":[{"href":"https:\/\/elmarwa.com\/fr\/wp-json\/wp\/v2\/media?parent=1063"}],"curies":[{"name":"wp","href":"https:\/\/api.w.org\/{rel}","templated":true}]}}