{"id":1061,"date":"2017-10-08T08:31:51","date_gmt":"2017-10-08T08:31:51","guid":{"rendered":"http:\/\/elmarwa.com\/?page_id=1061"},"modified":"2025-01-26T14:17:50","modified_gmt":"2025-01-26T14:17:50","slug":"qui-sommes-nous","status":"publish","type":"page","link":"https:\/\/elmarwa.com\/fr\/qui-sommes-nous\/","title":{"rendered":"Qui Sommes-Nous"},"content":{"rendered":"\n<div style=\"height:96px\" aria-hidden=\"true\" class=\"wp-block-spacer\"><\/div>\n\n\n<section class=\"block-image-with-content\">\n<div class=\"container\">\n      <div class=\"row align-items-start flex-row-reverse\">\n        <div class=\"col-12 col-md-6 offset-md-1 order-item-last\">\n        <div class=\"shine\">\n          <img src=\"https:\/\/elmarwa.com\/app\/uploads\/2021\/02\/1612266520_726_31234258_dsc_3363-scaled.jpg\" class=\"img-fluid\" alt=\"Qui Sommes-Nous\">\n      <\/div>\n        <p class=\"text-left caption text-uppercase mt-2\"><\/p>\n        <\/div>\n        <div class=\"col-12 col-md-5 \">\n                      <h2 class=\"font-vip text-green mb-4\">Qui Sommes-Nous<\/h2>\n                    <p style=\"text-align: justify;\">El-Marwa est une entreprise \u00e9gyptienne parmi les leaders mondiaux dans la production de concentr\u00e9s, pur\u00e9es et pulpes de fruits.<\/p>\n<p>Depuis notre fondation en 1998, El-Marwa s\u2019est forg\u00e9 une r\u00e9putation d\u2019excellence, et notre croissance est all\u00e9e jusqu\u2019\u00e0 inclure \u00e0 pr\u00e9sent deux usines innovantes fournissant nos produits \u00e0 une liste de transformateurs agro-alimentaires locaux et internationaux en plein essor.<\/p>\n<p>Nous sommes les fournisseurs-cl\u00e9s de nombreuses entreprises d\u2019importance en Europe, dans le Golfe, en Afrique, au Moyen-Orient et en Asie.<\/p>\n                  <\/div>\n      <\/div>\n  <\/div>\n  <div class=\"spacer-large\"><\/div>\n<\/section>\n\n<section class=\"banner img-background d-flex align-items-center\" style=\"background-image: url(https:\/\/elmarwa.com\/app\/uploads\/2021\/01\/1610277912_109_199818_orangefruitsfreshleavesapelsinyfruktylistiki.jpg)\">\n  <div class=\"container\">\n      <div class=\"row justify-content-center\" data-aos=\"fade\" data-aos-duration=\"500\">\n          <div class=\"col-12 col-md-6 text-center\">\n                      <\/div>\n      <\/div>\n  <\/div>\n<\/section>\n\n\n\n\n<div style=\"height:40px\" aria-hidden=\"true\" class=\"wp-block-spacer\"><\/div>\n\n\n<section class=\"block-descriptions\" data-aos=\"fade\" data-aos-duration=\"500\">\n<div class=\"container\">\n      <div class=\"row justify-content-center\">\n        <div class=\"col-12 col-md-8\">\n          <p style=\"text-align: left;\">Notre grande vari\u00e9t\u00e9 de produits \u00e0 base de fruits, agrumes ou fruits exotiques, certifi\u00e9s internationalement et tous adaptables \u00e0 tous besoins, inclut des concentr\u00e9s d\u2019orange, de pamplemousse, de citron, de grenade, de mandarine, ou de carotte, de m\u00eame que des pur\u00e9es de pomme, p\u00eache, abricot, fraise, goyave, et mangue.<\/p>\n<p style=\"text-align: left;\">Nos produits diversifi\u00e9s rencontrent une \u00e9norme demande sur les march\u00e9s, et sont utilis\u00e9s dans des produits allant de jus et m\u00e9langes de fruits \u00e0 des glaces ou des produits transform\u00e9s.<\/p>\n    \n        <\/div>\n      <\/div>\n  <\/div>\n<\/section>\n\n\n<div style=\"height:40px\" aria-hidden=\"true\" class=\"wp-block-spacer\"><\/div>\n\n\n<section class=\"black-download\" data-aos=\"fade\" data-aos-duration=\"500\">\n    <div class=\"row justify-content-center\">\n      <div class=\"col-12 col-md-12 text-center\">\n        <a class=\"d-block text-white\" download href=\"https:\/\/elmarwa.com\/app\/uploads\/2025\/01\/1737900923_576_15428439_finalelmarwabrochure.pdf\">\n        \n        <svg width=\"18\" height=\"25\" viewBox=\"0 0 18 25\" fill=\"none\" xmlns=\"http:\/\/www.w3.org\/2000\/svg\">\n        <path d=\"M8 0V16.563L2.72 11.28L1.28 12.72L8.28 19.72L9 20.406L9.72 19.719L16.72 12.719L15.28 11.279L10 16.564V0H8ZM0 23V25H18V23H0Z\" fill=\"white\"\/>\n        <\/svg>\n        <h4 class=\"ml-4 d-inline-block mb-0\">T\u00e9l\u00e9charger le profil de l&rsquo;entreprise<\/h4>\n        <\/a>\n      <\/div>\n    <\/div>\n<\/section>","protected":false},"excerpt":{"rendered":"","protected":false},"author":1,"featured_media":1358,"parent":0,"menu_order":25,"comment_status":"closed","ping_status":"closed","template":"views\/template-custom.blade.php","meta":[],"yoast_head":"<!-- This site is optimized with the Yoast SEO plugin v15.5 - https:\/\/yoast.com\/wordpress\/plugins\/seo\/ -->\n<title>Qui Sommes-Nous - El Marwa<\/title>\n<meta name=\"robots\" content=\"index, follow, max-snippet:-1, max-image-preview:large, max-video-preview:-1\" \/>\n<link rel=\"canonical\" href=\"https:\/\/elmarwa.com\/fr\/qui-sommes-nous\/\" \/>\n<meta property=\"og:locale\" content=\"fr_FR\" \/>\n<meta property=\"og:type\" content=\"article\" \/>\n<meta property=\"og:title\" content=\"Qui Sommes-Nous - El Marwa\" \/>\n<meta property=\"og:url\" content=\"https:\/\/elmarwa.com\/fr\/qui-sommes-nous\/\" \/>\n<meta property=\"og:site_name\" content=\"El Marwa\" \/>\n<meta property=\"article:modified_time\" content=\"2025-01-26T14:17:50+00:00\" \/>\n<meta property=\"og:image\" content=\"https:\/\/elmarwa.com\/app\/uploads\/2020\/12\/1608110762_445_534423_rectangle52.png\" \/>\n\t<meta property=\"og:image:width\" content=\"628\" \/>\n\t<meta property=\"og:image:height\" content=\"384\" \/>\n<meta name=\"twitter:card\" content=\"summary\" \/>\n<meta name=\"twitter:label1\" content=\"Dur\u00e9e de lecture est.\">\n\t<meta name=\"twitter:data1\" content=\"0 minute\">\n<script type=\"application\/ld+json\" class=\"yoast-schema-graph\">{\"@context\":\"https:\/\/schema.org\",\"@graph\":[{\"@type\":\"WebSite\",\"@id\":\"https:\/\/elmarwa.com\/#website\",\"url\":\"https:\/\/elmarwa.com\/\",\"name\":\"El Marwa\",\"description\":\"Food\",\"potentialAction\":[{\"@type\":\"SearchAction\",\"target\":\"https:\/\/elmarwa.com\/?s={search_term_string}\",\"query-input\":\"required name=search_term_string\"}],\"inLanguage\":\"fr-FR\"},{\"@type\":\"ImageObject\",\"@id\":\"https:\/\/elmarwa.com\/fr\/qui-sommes-nous\/#primaryimage\",\"inLanguage\":\"fr-FR\",\"url\":\"https:\/\/elmarwa.com\/app\/uploads\/2020\/12\/1608110762_445_534423_rectangle52.png\",\"width\":628,\"height\":384},{\"@type\":\"WebPage\",\"@id\":\"https:\/\/elmarwa.com\/fr\/qui-sommes-nous\/#webpage\",\"url\":\"https:\/\/elmarwa.com\/fr\/qui-sommes-nous\/\",\"name\":\"Qui Sommes-Nous - El Marwa\",\"isPartOf\":{\"@id\":\"https:\/\/elmarwa.com\/#website\"},\"primaryImageOfPage\":{\"@id\":\"https:\/\/elmarwa.com\/fr\/qui-sommes-nous\/#primaryimage\"},\"datePublished\":\"2017-10-08T08:31:51+00:00\",\"dateModified\":\"2025-01-26T14:17:50+00:00\",\"breadcrumb\":{\"@id\":\"https:\/\/elmarwa.com\/fr\/qui-sommes-nous\/#breadcrumb\"},\"inLanguage\":\"fr-FR\",\"potentialAction\":[{\"@type\":\"ReadAction\",\"target\":[\"https:\/\/elmarwa.com\/fr\/qui-sommes-nous\/\"]}]},{\"@type\":\"BreadcrumbList\",\"@id\":\"https:\/\/elmarwa.com\/fr\/qui-sommes-nous\/#breadcrumb\",\"itemListElement\":[{\"@type\":\"ListItem\",\"position\":1,\"item\":{\"@type\":\"WebPage\",\"@id\":\"https:\/\/elmarwa.com\/fr\/qui-sommes-nous\/\",\"url\":\"https:\/\/elmarwa.com\/fr\/qui-sommes-nous\/\",\"name\":\"Qui Sommes-Nous\"}}]}]}<\/script>\n<!-- \/ Yoast SEO plugin. -->","_links":{"self":[{"href":"https:\/\/elmarwa.com\/fr\/wp-json\/wp\/v2\/pages\/1061"}],"collection":[{"href":"https:\/\/elmarwa.com\/fr\/wp-json\/wp\/v2\/pages"}],"about":[{"href":"https:\/\/elmarwa.com\/fr\/wp-json\/wp\/v2\/types\/page"}],"author":[{"embeddable":true,"href":"https:\/\/elmarwa.com\/fr\/wp-json\/wp\/v2\/users\/1"}],"replies":[{"embeddable":true,"href":"https:\/\/elmarwa.com\/fr\/wp-json\/wp\/v2\/comments?post=1061"}],"version-history":[{"count":26,"href":"https:\/\/elmarwa.com\/fr\/wp-json\/wp\/v2\/pages\/1061\/revisions"}],"predecessor-version":[{"id":3333,"href":"https:\/\/elmarwa.com\/fr\/wp-json\/wp\/v2\/pages\/1061\/revisions\/3333"}],"wp:featuredmedia":[{"embeddable":true,"href":"https:\/\/elmarwa.com\/fr\/wp-json\/wp\/v2\/media\/1358"}],"wp:attachment":[{"href":"https:\/\/elmarwa.com\/fr\/wp-json\/wp\/v2\/media?parent=1061"}],"curies":[{"name":"wp","href":"https:\/\/api.w.org\/{rel}","templated":true}]}}